{"id":18426,"date":"2025-02-10T11:21:44","date_gmt":"2025-02-10T11:21:44","guid":{"rendered":"https:\/\/hvillarosa.com\/?page_id=18426"},"modified":"2025-03-19T08:52:05","modified_gmt":"2025-03-19T08:52:05","slug":"stornierungsbedingungen","status":"publish","type":"page","link":"https:\/\/hvillarosa.com\/de\/stornierungsbedingungen\/","title":{"rendered":"Stornierungsbedingungen"},"content":{"rendered":"\n<style type=\"text\/css\" data-created_by=\"avia_inline_auto\" id=\"style-css-av-av_section-804e8037a59fc007b4cf1f5a683e60a1\">\n.avia-section.av-av_section-804e8037a59fc007b4cf1f5a683e60a1 .av-extra-border-element .av-extra-border-inner{\nbackground-color:#fed2cf;\n}\n<\/style>\n<div id='av_section_1'  class='avia-section av-av_section-804e8037a59fc007b4cf1f5a683e60a1 main_color avia-section-default avia-no-shadow  avia-builder-el-0  avia-builder-el-no-sibling  avia-bg-style-scroll container_wrap fullsize'  ><div class='container av-section-cont-open' ><main  role=\"main\" itemprop=\"mainContentOfPage\"  class='template-page content  av-content-full alpha units'><div class='post-entry post-entry-type-page post-entry-18426'><div class='entry-content-wrapper clearfix'>\n\n<style type=\"text\/css\" data-created_by=\"avia_inline_auto\" id=\"style-css-av-av_one_full-202e3796411b4be3135a42748e03b7c1\">\n.flex_column.av-av_one_full-202e3796411b4be3135a42748e03b7c1{\nborder-width:3px;\nborder-color:#d0d0d0;\nborder-style:solid;\n}\n<\/style>\n<div  class='flex_column av-av_one_full-202e3796411b4be3135a42748e03b7c1 av_one_full  avia-builder-el-1  avia-builder-el-no-sibling  first flex_column_div  '     ><article  class='iconbox iconbox_top av-m7eos3j7-3076cf09f7a814a73d10a6642f392221 av-no-box  avia-builder-el-2  avia-builder-el-no-sibling '  itemscope=\"itemscope\" itemtype=\"https:\/\/schema.org\/CreativeWork\" ><div class=\"iconbox_content\"><header class=\"entry-content-header\" aria-label=\"Icon: Buchen Sie kostenlos\"><div class='iconbox_icon heading-color avia-iconfont avia-font-entypo-fontello' data-av_icon='\ue809' data-av_iconfont='entypo-fontello'  ><\/div><h3 class='iconbox_content_title '  itemprop=\"headline\" >Buchen Sie kostenlos<\/h3><\/header><div class='iconbox_content_container '  itemprop=\"text\" ><p style=\"text-align: center;\"><strong>Buchen Sie jetzt Ihren Strandurlaub ohne Strafgeb\u00fchren!!!<\/strong><\/p>\n<p style=\"text-align: center;\">Sie k\u00f6nnen Ihre Reservierung bis 7 Tage vor Anreise stornieren.<br \/>\nund die geleistete Kaution ist innerhalb von 12 Monaten wiederverwendbar*!!!!<\/p>\n<p style=\"text-align: center;\">*Zur Best\u00e4tigung Ihrer Reservierung ist eine Anzahlung erforderlich.<\/p>\n<p style=\"text-align: center;\">\u25cf Im Falle einer Stornierung der <strong>Reservierung innerhalb des 7. Tages vor Anreise<\/strong>,<br \/>\nEs wird ein Gutschein in H\u00f6he der geleisteten Anzahlung ausgestellt, der f\u00fcr einen weiteren Aufenthalt (mit gleicher Mindestdauer) innerhalb von 12 Monaten eingel\u00f6st werden kann.<\/p>\n<p style=\"text-align: center;\">\u25cf <strong>Bei Stornierungen nach dem 7. Tag oder bei Nichterscheinen<\/strong>,<br \/>\nDie Anzahlung wird als Vertragsstrafe (Art. 1386 cc) als Entsch\u00e4digung f\u00fcr das dem Kunden zustehende R\u00fccktrittsrecht einbehalten.<\/p>\n<\/div><\/div><footer class=\"entry-footer\"><\/footer><\/article><\/div>\n","protected":false},"excerpt":{"rendered":"","protected":false},"author":5,"featured_media":0,"parent":0,"menu_order":0,"comment_status":"closed","ping_status":"closed","template":"","meta":{"footnotes":""},"class_list":["post-18426","page","type-page","status-publish","hentry"],"yoast_head":"<!-- This site is optimized with the Yoast SEO plugin v27.5 - https:\/\/yoast.com\/product\/yoast-seo-wordpress\/ -->\n<title>Stornierungsbedingungen - Hotel Villa Rosa<\/title>\n<meta name=\"robots\" content=\"index, follow, max-snippet:-1, max-image-preview:large, max-video-preview:-1\" \/>\n<link rel=\"canonical\" href=\"https:\/\/hvillarosa.com\/de\/stornierungsbedingungen\/\" \/>\n<meta property=\"og:locale\" content=\"de_DE\" \/>\n<meta property=\"og:type\" content=\"article\" \/>\n<meta property=\"og:title\" content=\"Stornierungsbedingungen - Hotel Villa Rosa\" \/>\n<meta property=\"og:url\" content=\"https:\/\/hvillarosa.com\/de\/stornierungsbedingungen\/\" \/>\n<meta property=\"og:site_name\" content=\"Hotel Villa Rosa\" \/>\n<meta property=\"article:publisher\" content=\"https:\/\/www.facebook.com\/HotelVillaRosaCesenatico\" \/>\n<meta property=\"article:modified_time\" content=\"2025-03-19T08:52:05+00:00\" \/>\n<meta name=\"twitter:card\" content=\"summary_large_image\" \/>\n<meta name=\"twitter:label1\" content=\"Gesch\u00e4tzte Lesezeit\" \/>\n\t<meta name=\"twitter:data1\" content=\"1\u00a0Minute\" \/>\n<script type=\"application\/ld+json\" class=\"yoast-schema-graph\">{\"@context\":\"https:\\\/\\\/schema.org\",\"@graph\":[{\"@type\":\"WebPage\",\"@id\":\"https:\\\/\\\/hvillarosa.com\\\/de\\\/stornierungsbedingungen\\\/\",\"url\":\"https:\\\/\\\/hvillarosa.com\\\/de\\\/stornierungsbedingungen\\\/\",\"name\":\"Stornierungsbedingungen - Hotel Villa Rosa\",\"isPartOf\":{\"@id\":\"https:\\\/\\\/hvillarosa.com\\\/de\\\/#website\"},\"datePublished\":\"2025-02-10T11:21:44+00:00\",\"dateModified\":\"2025-03-19T08:52:05+00:00\",\"breadcrumb\":{\"@id\":\"https:\\\/\\\/hvillarosa.com\\\/de\\\/stornierungsbedingungen\\\/#breadcrumb\"},\"inLanguage\":\"de\",\"potentialAction\":[{\"@type\":\"ReadAction\",\"target\":[\"https:\\\/\\\/hvillarosa.com\\\/de\\\/stornierungsbedingungen\\\/\"]}]},{\"@type\":\"BreadcrumbList\",\"@id\":\"https:\\\/\\\/hvillarosa.com\\\/de\\\/stornierungsbedingungen\\\/#breadcrumb\",\"itemListElement\":[{\"@type\":\"ListItem\",\"position\":1,\"name\":\"Home\",\"item\":\"https:\\\/\\\/hvillarosa.com\\\/de\\\/home\\\/\"},{\"@type\":\"ListItem\",\"position\":2,\"name\":\"Stornierungsbedingungen\"}]},{\"@type\":\"WebSite\",\"@id\":\"https:\\\/\\\/hvillarosa.com\\\/de\\\/#website\",\"url\":\"https:\\\/\\\/hvillarosa.com\\\/de\\\/\",\"name\":\"Hotel Villa Rosa\",\"description\":\"\",\"publisher\":{\"@id\":\"https:\\\/\\\/hvillarosa.com\\\/de\\\/#organization\"},\"potentialAction\":[{\"@type\":\"SearchAction\",\"target\":{\"@type\":\"EntryPoint\",\"urlTemplate\":\"https:\\\/\\\/hvillarosa.com\\\/de\\\/?s={search_term_string}\"},\"query-input\":{\"@type\":\"PropertyValueSpecification\",\"valueRequired\":true,\"valueName\":\"search_term_string\"}}],\"inLanguage\":\"de\"},{\"@type\":\"Organization\",\"@id\":\"https:\\\/\\\/hvillarosa.com\\\/de\\\/#organization\",\"name\":\"Hotel Villa Rosa\",\"url\":\"https:\\\/\\\/hvillarosa.com\\\/de\\\/\",\"logo\":{\"@type\":\"ImageObject\",\"inLanguage\":\"de\",\"@id\":\"https:\\\/\\\/hvillarosa.com\\\/de\\\/#\\\/schema\\\/logo\\\/image\\\/\",\"url\":\"https:\\\/\\\/hvillarosa.com\\\/wp-content\\\/uploads\\\/2024\\\/12\\\/hotel-villarosa-cesenatico.svg\",\"contentUrl\":\"https:\\\/\\\/hvillarosa.com\\\/wp-content\\\/uploads\\\/2024\\\/12\\\/hotel-villarosa-cesenatico.svg\",\"width\":1,\"height\":1,\"caption\":\"Hotel Villa Rosa\"},\"image\":{\"@id\":\"https:\\\/\\\/hvillarosa.com\\\/de\\\/#\\\/schema\\\/logo\\\/image\\\/\"},\"sameAs\":[\"https:\\\/\\\/www.facebook.com\\\/HotelVillaRosaCesenatico\",\"https:\\\/\\\/www.instagram.com\\\/hotelvillarosa.cesenatico\\\/\"]}]}<\/script>\n<!-- \/ Yoast SEO plugin. -->","yoast_head_json":{"title":"Stornierungsbedingungen - Hotel Villa Rosa","robots":{"index":"index","follow":"follow","max-snippet":"max-snippet:-1","max-image-preview":"max-image-preview:large","max-video-preview":"max-video-preview:-1"},"canonical":"https:\/\/hvillarosa.com\/de\/stornierungsbedingungen\/","og_locale":"de_DE","og_type":"article","og_title":"Stornierungsbedingungen - Hotel Villa Rosa","og_url":"https:\/\/hvillarosa.com\/de\/stornierungsbedingungen\/","og_site_name":"Hotel Villa Rosa","article_publisher":"https:\/\/www.facebook.com\/HotelVillaRosaCesenatico","article_modified_time":"2025-03-19T08:52:05+00:00","twitter_card":"summary_large_image","twitter_misc":{"Gesch\u00e4tzte Lesezeit":"1\u00a0Minute"},"schema":{"@context":"https:\/\/schema.org","@graph":[{"@type":"WebPage","@id":"https:\/\/hvillarosa.com\/de\/stornierungsbedingungen\/","url":"https:\/\/hvillarosa.com\/de\/stornierungsbedingungen\/","name":"Stornierungsbedingungen - Hotel Villa Rosa","isPartOf":{"@id":"https:\/\/hvillarosa.com\/de\/#website"},"datePublished":"2025-02-10T11:21:44+00:00","dateModified":"2025-03-19T08:52:05+00:00","breadcrumb":{"@id":"https:\/\/hvillarosa.com\/de\/stornierungsbedingungen\/#breadcrumb"},"inLanguage":"de","potentialAction":[{"@type":"ReadAction","target":["https:\/\/hvillarosa.com\/de\/stornierungsbedingungen\/"]}]},{"@type":"BreadcrumbList","@id":"https:\/\/hvillarosa.com\/de\/stornierungsbedingungen\/#breadcrumb","itemListElement":[{"@type":"ListItem","position":1,"name":"Home","item":"https:\/\/hvillarosa.com\/de\/home\/"},{"@type":"ListItem","position":2,"name":"Stornierungsbedingungen"}]},{"@type":"WebSite","@id":"https:\/\/hvillarosa.com\/de\/#website","url":"https:\/\/hvillarosa.com\/de\/","name":"Hotel Villa Rosa","description":"","publisher":{"@id":"https:\/\/hvillarosa.com\/de\/#organization"},"potentialAction":[{"@type":"SearchAction","target":{"@type":"EntryPoint","urlTemplate":"https:\/\/hvillarosa.com\/de\/?s={search_term_string}"},"query-input":{"@type":"PropertyValueSpecification","valueRequired":true,"valueName":"search_term_string"}}],"inLanguage":"de"},{"@type":"Organization","@id":"https:\/\/hvillarosa.com\/de\/#organization","name":"Hotel Villa Rosa","url":"https:\/\/hvillarosa.com\/de\/","logo":{"@type":"ImageObject","inLanguage":"de","@id":"https:\/\/hvillarosa.com\/de\/#\/schema\/logo\/image\/","url":"https:\/\/hvillarosa.com\/wp-content\/uploads\/2024\/12\/hotel-villarosa-cesenatico.svg","contentUrl":"https:\/\/hvillarosa.com\/wp-content\/uploads\/2024\/12\/hotel-villarosa-cesenatico.svg","width":1,"height":1,"caption":"Hotel Villa Rosa"},"image":{"@id":"https:\/\/hvillarosa.com\/de\/#\/schema\/logo\/image\/"},"sameAs":["https:\/\/www.facebook.com\/HotelVillaRosaCesenatico","https:\/\/www.instagram.com\/hotelvillarosa.cesenatico\/"]}]}},"publishpress_future_action":{"enabled":false,"date":"2026-05-13 08:37:56","action":"change-status","newStatus":"draft","terms":[],"taxonomy":"translation_priority","extraData":[]},"publishpress_future_workflow_manual_trigger":{"enabledWorkflows":[]},"_links":{"self":[{"href":"https:\/\/hvillarosa.com\/de\/wp-json\/wp\/v2\/pages\/18426","targetHints":{"allow":["GET"]}}],"collection":[{"href":"https:\/\/hvillarosa.com\/de\/wp-json\/wp\/v2\/pages"}],"about":[{"href":"https:\/\/hvillarosa.com\/de\/wp-json\/wp\/v2\/types\/page"}],"author":[{"embeddable":true,"href":"https:\/\/hvillarosa.com\/de\/wp-json\/wp\/v2\/users\/5"}],"replies":[{"embeddable":true,"href":"https:\/\/hvillarosa.com\/de\/wp-json\/wp\/v2\/comments?post=18426"}],"version-history":[{"count":3,"href":"https:\/\/hvillarosa.com\/de\/wp-json\/wp\/v2\/pages\/18426\/revisions"}],"predecessor-version":[{"id":19100,"href":"https:\/\/hvillarosa.com\/de\/wp-json\/wp\/v2\/pages\/18426\/revisions\/19100"}],"wp:attachment":[{"href":"https:\/\/hvillarosa.com\/de\/wp-json\/wp\/v2\/media?parent=18426"}],"curies":[{"name":"wp","href":"https:\/\/api.w.org\/{rel}","templated":true}]}}