{"id":17526,"date":"2025-01-27T13:24:49","date_gmt":"2025-01-27T13:24:49","guid":{"rendered":"https:\/\/hvillarosa.com\/?page_id=17526"},"modified":"2025-02-21T11:18:09","modified_gmt":"2025-02-21T11:18:09","slug":"2-sterne-cesenatico-hotelpreise","status":"publish","type":"page","link":"https:\/\/hvillarosa.com\/de\/2-sterne-cesenatico-hotelpreise\/","title":{"rendered":"PREISLISTE"},"content":{"rendered":"\n<style type=\"text\/css\" data-created_by=\"avia_inline_auto\" id=\"style-css-av-4rm0wi-eea232e6931b6d6ada70b9ebe1780641\">\n.avia-section.av-4rm0wi-eea232e6931b6d6ada70b9ebe1780641{\nbackground-repeat:no-repeat;\nbackground-image:url(https:\/\/hvillarosa.com\/wp-content\/uploads\/2024\/12\/esterno-scaled.jpg);\nbackground-position:50% 100%;\nbackground-attachment:fixed;\n}\n<\/style>\n<div id='av_section_1'  class='avia-section av-4rm0wi-eea232e6931b6d6ada70b9ebe1780641 main_color avia-section-small avia-no-border-styling  avia-builder-el-0  el_before_av_section  avia-builder-el-first  av-small-hide av-mini-hide avia-full-stretch avia-bg-style-fixed av-minimum-height av-minimum-height-75 av-height-75  container_wrap fullsize'  data-section-bg-repeat='stretch' data-av_minimum_height_pc='75' data-av_min_height_opt='75'><div class='container av-section-cont-open' ><main  role=\"main\" itemprop=\"mainContentOfPage\"  class='template-page content  av-content-full alpha units'><div class='post-entry post-entry-type-page post-entry-17526'><div class='entry-content-wrapper clearfix'>\n<div  class='flex_column av-4jhs2i-2d1e390783207ea7f5731544ae384384 av_one_fourth  avia-builder-el-1  el_before_av_one_half  avia-builder-el-first  first flex_column_div  '     ><\/div>\n<style type=\"text\/css\" data-created_by=\"avia_inline_auto\" id=\"style-css-av-4d33aa-d67951db756556c7519936b2a58b4f84\">\n.flex_column.av-4d33aa-d67951db756556c7519936b2a58b4f84{\npadding:80px 10px 80px 10px;\nbackground-color:rgba(255,255,255,0.75);\n}\n<\/style>\n<div  class='flex_column av-4d33aa-d67951db756556c7519936b2a58b4f84 av_one_half  avia-builder-el-2  el_after_av_one_fourth  el_before_av_one_fourth  flex_column_div  '     ><style type=\"text\/css\" data-created_by=\"avia_inline_auto\" id=\"style-css-av-l1bv53v6-bd8bca0dacb77ddf28e6abc156a4dd19\">\n#top .av-special-heading.av-l1bv53v6-bd8bca0dacb77ddf28e6abc156a4dd19{\npadding-bottom:10px;\nfont-size:45px;\n}\nbody .av-special-heading.av-l1bv53v6-bd8bca0dacb77ddf28e6abc156a4dd19 .av-special-heading-tag .heading-char{\nfont-size:25px;\n}\n#top #wrap_all .av-special-heading.av-l1bv53v6-bd8bca0dacb77ddf28e6abc156a4dd19 .av-special-heading-tag{\nfont-size:45px;\n}\n.av-special-heading.av-l1bv53v6-bd8bca0dacb77ddf28e6abc156a4dd19 .av-subheading{\nfont-size:24px;\n}\n\n@media only screen and (min-width: 480px) and (max-width: 767px){ \n#top #wrap_all .av-special-heading.av-l1bv53v6-bd8bca0dacb77ddf28e6abc156a4dd19 .av-special-heading-tag{\nfont-size:0.8em;\n}\n}\n\n@media only screen and (max-width: 479px){ \n#top #wrap_all .av-special-heading.av-l1bv53v6-bd8bca0dacb77ddf28e6abc156a4dd19 .av-special-heading-tag{\nfont-size:0.8em;\n}\n}\n<\/style>\n<div  class='av-special-heading av-l1bv53v6-bd8bca0dacb77ddf28e6abc156a4dd19 av-special-heading-h2 blockquote modern-quote modern-centered  avia-builder-el-3  avia-builder-el-no-sibling  av-inherit-size'><h2 class='av-special-heading-tag '  itemprop=\"headline\"  >PREISLISTE<\/h2><div class=\"special-heading-border\"><div class=\"special-heading-inner-border\"><\/div><\/div><\/div><\/div><div  class='flex_column av-48cad6-0270edc133b7836b4e6deaa5fda0b2e6 av_one_fourth  avia-builder-el-4  el_after_av_one_half  avia-builder-el-last  flex_column_div  '     ><\/div><\/div><\/div><\/main><!-- close content main element --><\/div><\/div>\n<style type=\"text\/css\" data-created_by=\"avia_inline_auto\" id=\"style-css-av-z0jky-fe2efae9f871d1dbbd7b002375a0bfd5\">\n.avia-section.av-z0jky-fe2efae9f871d1dbbd7b002375a0bfd5{\nbackground-repeat:no-repeat;\nbackground-image:url(https:\/\/hvillarosa.com\/wp-content\/uploads\/2024\/12\/esterno-scaled.jpg);\nbackground-position:0% 50%;\nbackground-attachment:scroll;\n}\n<\/style>\n<div id='av_section_2'  class='avia-section av-z0jky-fe2efae9f871d1dbbd7b002375a0bfd5 main_color avia-section-small avia-no-border-styling  avia-builder-el-5  el_after_av_section  el_before_av_section  av-desktop-hide av-medium-hide avia-full-stretch avia-bg-style-scroll av-minimum-height av-minimum-height-50 av-height-50  container_wrap fullsize'  data-section-bg-repeat='stretch' data-av_minimum_height_pc='50' data-av_min_height_opt='50'><div class='container av-section-cont-open' ><div class='template-page content  av-content-full alpha units'><div class='post-entry post-entry-type-page post-entry-17526'><div class='entry-content-wrapper clearfix'>\n<div  class='flex_column av-sexki-226b548bb655b555977bb3d3d3194cac av_one_fourth  avia-builder-el-6  el_before_av_one_half  avia-builder-el-first  first flex_column_div  '     ><\/div>\n<style type=\"text\/css\" data-created_by=\"avia_inline_auto\" id=\"style-css-av-jkd7e-c2ea1723c9542e743b437b358e2cedc9\">\n.flex_column.av-jkd7e-c2ea1723c9542e743b437b358e2cedc9{\npadding:80px 10px 80px 10px;\nbackground-color:rgba(255,255,255,0.75);\n}\n<\/style>\n<div  class='flex_column av-jkd7e-c2ea1723c9542e743b437b358e2cedc9 av_one_half  avia-builder-el-7  el_after_av_one_fourth  el_before_av_one_fourth  flex_column_div  '     ><style type=\"text\/css\" data-created_by=\"avia_inline_auto\" id=\"style-css-av-e4z96-32521143c199e379223d120749466ac7\">\n#top .av-special-heading.av-e4z96-32521143c199e379223d120749466ac7{\npadding-bottom:10px;\nfont-size:45px;\n}\nbody .av-special-heading.av-e4z96-32521143c199e379223d120749466ac7 .av-special-heading-tag .heading-char{\nfont-size:25px;\n}\n#top #wrap_all .av-special-heading.av-e4z96-32521143c199e379223d120749466ac7 .av-special-heading-tag{\nfont-size:45px;\n}\n.av-special-heading.av-e4z96-32521143c199e379223d120749466ac7 .av-subheading{\nfont-size:24px;\n}\n\n@media only screen and (min-width: 480px) and (max-width: 767px){ \n#top #wrap_all .av-special-heading.av-e4z96-32521143c199e379223d120749466ac7 .av-special-heading-tag{\nfont-size:0.8em;\n}\n}\n\n@media only screen and (max-width: 479px){ \n#top #wrap_all .av-special-heading.av-e4z96-32521143c199e379223d120749466ac7 .av-special-heading-tag{\nfont-size:0.8em;\n}\n}\n<\/style>\n<div  class='av-special-heading av-e4z96-32521143c199e379223d120749466ac7 av-special-heading-h2 blockquote modern-quote modern-centered  avia-builder-el-8  avia-builder-el-no-sibling  av-inherit-size'><h2 class='av-special-heading-tag '  itemprop=\"headline\"  >PREISLISTE<\/h2><div class=\"special-heading-border\"><div class=\"special-heading-inner-border\"><\/div><\/div><\/div><\/div><div  class='flex_column av-b5jyy-7b3e409f3645f07284a7a6f3fc566355 av_one_fourth  avia-builder-el-9  el_after_av_one_half  avia-builder-el-last  flex_column_div  '     ><\/div><\/div><\/div><\/div><!-- close content main div --><\/div><\/div><div id='av_section_3'  class='avia-section av-407lbu-67bc9250e09387d39c5a09161372ff56 main_color avia-section-small avia-no-border-styling  avia-builder-el-10  el_after_av_section  avia-builder-el-last  avia-bg-style-scroll container_wrap fullsize'  ><div class='container av-section-cont-open' ><div class='template-page content  av-content-full alpha units'><div class='post-entry post-entry-type-page post-entry-17526'><div class='entry-content-wrapper clearfix'>\n\n<style type=\"text\/css\" data-created_by=\"avia_inline_auto\" id=\"style-css-av-3v32ky-4ea0927a2862b5520e18059257a49818\">\n#top .hr.hr-invisible.av-3v32ky-4ea0927a2862b5520e18059257a49818{\nheight:10px;\n}\n<\/style>\n<div  class='hr av-3v32ky-4ea0927a2862b5520e18059257a49818 hr-invisible  avia-builder-el-11  el_before_av_heading  avia-builder-el-first '><span class='hr-inner '><span class=\"hr-inner-style\"><\/span><\/span><\/div>\n\n<style type=\"text\/css\" data-created_by=\"avia_inline_auto\" id=\"style-css-av-3r2jne-de78335adf47e033272f0a79c72bfd69\">\n#top .av-special-heading.av-3r2jne-de78335adf47e033272f0a79c72bfd69{\npadding-bottom:10px;\nfont-size:40px;\n}\nbody .av-special-heading.av-3r2jne-de78335adf47e033272f0a79c72bfd69 .av-special-heading-tag .heading-char{\nfont-size:25px;\n}\n#top #wrap_all .av-special-heading.av-3r2jne-de78335adf47e033272f0a79c72bfd69 .av-special-heading-tag{\nfont-size:40px;\n}\n.av-special-heading.av-3r2jne-de78335adf47e033272f0a79c72bfd69 .av-subheading{\nfont-size:15px;\n}\n\n@media only screen and (min-width: 480px) and (max-width: 767px){ \n#top #wrap_all .av-special-heading.av-3r2jne-de78335adf47e033272f0a79c72bfd69 .av-special-heading-tag{\nfont-size:0.8em;\n}\n}\n\n@media only screen and (max-width: 479px){ \n#top #wrap_all .av-special-heading.av-3r2jne-de78335adf47e033272f0a79c72bfd69 .av-special-heading-tag{\nfont-size:0.8em;\n}\n}\n<\/style>\n<div  class='av-special-heading av-3r2jne-de78335adf47e033272f0a79c72bfd69 av-special-heading-h2 blockquote modern-quote modern-centered  avia-builder-el-12  el_after_av_hr  el_before_av_hr  av-inherit-size av-linked-heading'><h2 class='av-special-heading-tag '  itemprop=\"headline\"  >PREISE 2025<\/h2><div class=\"special-heading-border\"><div class=\"special-heading-inner-border\"><\/div><\/div><\/div>\n\n<style type=\"text\/css\" data-created_by=\"avia_inline_auto\" id=\"style-css-av-7rn2y-7bab480a405f759961fcf265c9219198\">\n#top .hr.av-7rn2y-7bab480a405f759961fcf265c9219198{\nmargin-top:30px;\nmargin-bottom:30px;\n}\n.hr.av-7rn2y-7bab480a405f759961fcf265c9219198 .hr-inner{\nwidth:400px;\nborder-color:#bbb3a8;\nmax-width:45%;\n}\n.hr.av-7rn2y-7bab480a405f759961fcf265c9219198 .av-seperator-icon{\ncolor:#bbb3a8;\n}\n.hr.av-7rn2y-7bab480a405f759961fcf265c9219198 .av-seperator-icon.avia-svg-icon svg:first-child{\nfill:#bbb3a8;\nstroke:#bbb3a8;\n}\n<\/style>\n<div  class='hr av-7rn2y-7bab480a405f759961fcf265c9219198 hr-custom  avia-builder-el-13  el_after_av_heading  el_before_av_table  hr-center hr-icon-yes'><span class='hr-inner inner-border-av-border-fat'><span class=\"hr-inner-style\"><\/span><\/span><span class='av-seperator-icon avia-iconfont avia-font-entypo-fontello' data-av_icon='\ue89a' data-av_iconfont='entypo-fontello' ><\/span><span class='hr-inner inner-border-av-border-fat'><span class=\"hr-inner-style\"><\/span><\/span><\/div>\n<div  class='avia-table av-fjw8385-e04438da63514a3f6663e719a2dfdaf0 main_color avia-pricing-table-container avia_pricing_default  avia-builder-el-14  el_after_av_hr  el_before_av_textblock  avia-table-1'  itemscope=\"itemscope\" itemtype=\"https:\/\/schema.org\/Table\" ><div class=\"pricing-table-wrap\"><ul class='pricing-table '><li class=''><div class='first-table-item'>DATE<\/div><span class='pricing-extra'><\/span><\/li><li class=''>05\/05-31\/05<\/li><li class=''>01\/06-22\/06<\/li><li class=''>23\/06-06\/07<\/li><li class=''>07\/07-09\/08<\/li><li class=''>10\/08-24\/08<\/li><li class=''>25\/08-31\/08<\/li><li class=''>01\/09-15\/09<\/li><\/ul><\/div><div class=\"pricing-table-wrap\"><ul class='pricing-table '><li class=''><div class='first-table-item'>HALBPENSION<\/div><span class='pricing-extra'><\/span><\/li><li class=''>&#8211;<\/li><li class=''>\u20ac52,00<\/li><li class=''>\u20ac57,00<\/li><li class=''>\u20ac64,00<\/li><li class=''>\u20ac75,00<\/li><li class=''>\u20ac62,00<\/li><li class=''>&#8211;<\/li><\/ul><\/div><div class=\"pricing-table-wrap\"><ul class='pricing-table '><li class=''><div class='first-table-item'>B&amp;B<\/div><span class='pricing-extra'><\/span><\/li><li class=''>\u20ac35,00<\/li><li class=''>\u20ac38,00<\/li><li class=''>\u20ac42,00<\/li><li class=''>\u20ac44,00<\/li><li class=''>\u20ac52,00<\/li><li class=''>\u20ac44,00<\/li><li class=''>\u20ac35,00<\/li><\/ul><\/div><\/div>\n<section  class='av_textblock_section av-1ov84c5-6739c420bfe93efd0b7f5925e13abd4f '   itemscope=\"itemscope\" itemtype=\"https:\/\/schema.org\/CreativeWork\" ><div class='avia_textblock'  itemprop=\"text\" ><div class=\"av-special-heading av-861lm-c40d3ce4b090560523fd0c46398c15dc av-special-heading-h1 blockquote modern-quote avia-builder-el-10 el_before_av_textblock avia-builder-el-first \"><\/div>\n<p style=\"text-align: center;\">Die Preise verstehen sich pro Nacht und Person im Doppelzimmer f\u00fcr mindestens 3 N\u00e4chte mit Halbpension.<br \/>\ninkl. MwSt., exkl. Kurtaxe<\/p>\n<p style=\"text-align: center;\">An langen Wochenenden und Feiertagen k\u00f6nnen die Preise variieren.<\/p>\n<p style=\"text-align: center;\"><strong>In den in der Preisliste nicht angegebenen Zeitr\u00e4umen bleibt das Hotel Villa Rosa mit einer B&amp;B-Formel ab 35 \u20ac pro Person und Nacht ge\u00f6ffnet.<\/strong><\/p>\n<div class=\"avia-image-container av-l2yi4b1z-39b1216b7d2522e70684d030bfdafe99 av-styling- avia-align-center avia-builder-el-5 el_after_av_textblock avia-builder-el-last \">\n<div class=\"avia-image-container-inner\">\n<div class=\"avia-image-overlay-wrap\"><\/div>\n<\/div>\n<\/div>\n<\/div><\/section>\n\n<style type=\"text\/css\" data-created_by=\"avia_inline_auto\" id=\"style-css-av-m74h8zho-8dbf4500ad7b40ce7f781ddeb5ddb350\">\n#top .av-special-heading.av-m74h8zho-8dbf4500ad7b40ce7f781ddeb5ddb350{\npadding-bottom:10px;\n}\nbody .av-special-heading.av-m74h8zho-8dbf4500ad7b40ce7f781ddeb5ddb350 .av-special-heading-tag .heading-char{\nfont-size:25px;\n}\n.av-special-heading.av-m74h8zho-8dbf4500ad7b40ce7f781ddeb5ddb350 .av-subheading{\nfont-size:15px;\n}\n<\/style>\n<div  class='av-special-heading av-m74h8zho-8dbf4500ad7b40ce7f781ddeb5ddb350 av-special-heading-h3  avia-builder-el-16  el_after_av_textblock  el_before_av_one_half '><h3 class='av-special-heading-tag '  itemprop=\"headline\"  >Alle in der Halbpensionsformel enthaltenen Leistungen<\/h3><div class=\"special-heading-border\"><div class=\"special-heading-inner-border\"><\/div><\/div><\/div>\n<div  class='flex_column av-15ci711-cc31f78761c28075d1f7068c668aca62 av_one_half  avia-builder-el-17  el_after_av_heading  el_before_av_one_half  first flex_column_div  '     ><section  class='av_textblock_section av-m74h6oji-1c06fced3249ae1f2d007b5856c40a63 '   itemscope=\"itemscope\" itemtype=\"https:\/\/schema.org\/CreativeWork\" ><div class='avia_textblock'  itemprop=\"text\" ><p style=\"text-align: center;\">\u2022 <strong>wi-fi<\/strong> im Hotel<br \/>\n\u2022 reichhaltiges Fr\u00fchst\u00fccksbuffet mit <strong>Bioprodukten<\/strong><br \/>\n\u2022 t\u00e4glich <strong>Langschl\u00e4ferfr\u00fchst\u00fcck bis 12.00<\/strong> Uhr an der Hotelbar mit Croissants und Kaffee<br \/>\n\u2022 <strong>NEU 2025<\/strong>: Abendbuffet im Panoramarestaurant des Hotels Stefania, nur 5 Minuten entfernt<\/p>\n<\/div><\/section><\/div><div  class='flex_column av-veoogl-89798f76a710a45852e06cc5f3e1d831 av_one_half  avia-builder-el-19  el_after_av_one_half  el_before_av_one_full  flex_column_div  '     ><section  class='av_textblock_section av-m74h777f-11213c97c9f4e79e67ea3c6ab691a3cc '   itemscope=\"itemscope\" itemtype=\"https:\/\/schema.org\/CreativeWork\" ><div class='avia_textblock'  itemprop=\"text\" ><p style=\"text-align: center;\">\u2022 <strong>Fahrr\u00e4der<\/strong> auch mit Kindersitzen im Einsatz<br \/>\n\u2022 <strong>Satelliten-TV<\/strong> in allen Zimmern<br \/>\n\u2022 <strong>Klimaanlage im Zimmer<\/strong> und in den \u00f6ffentlichen Bereichen<br \/>\n\u2022 <strong>Bibliothek<\/strong> vorhanden<br \/>\n\u2022 <strong>Kinderspielecke<\/strong><\/p>\n<\/div><\/section><\/div><div  class='flex_column av-ipocid-47fd11883cb2c46a370d58504c609422 av_one_full  avia-builder-el-21  el_after_av_one_half  avia-builder-el-last  first flex_column_div  column-top-margin'     ><section  class='av_textblock_section av-m74h87ey-4b8aed3d0893881468da0e56b84ddfcd '   itemscope=\"itemscope\" itemtype=\"https:\/\/schema.org\/CreativeWork\" ><div class='avia_textblock'  itemprop=\"text\" ><p style=\"text-align: center;\"><strong>VERF\u00dcGBARE EXTRAS:<\/strong><br \/>\n\u2022 <strong>Parkplatz<\/strong>: je nach Verf\u00fcgbarkeit zum Preis von 5,00 Euro pro Tag verf\u00fcgbar (muss bei der Best\u00e4tigung gebucht werden)<br \/>\n\u2022 <strong>vertrauensw\u00fcrdiger Kinderarzt<\/strong><\/p>\n<\/div><\/section><\/div><\/p>\n","protected":false},"excerpt":{"rendered":"","protected":false},"author":5,"featured_media":0,"parent":0,"menu_order":0,"comment_status":"closed","ping_status":"closed","template":"","meta":{"footnotes":""},"class_list":["post-17526","page","type-page","status-publish","hentry"],"yoast_head":"<!-- This site is optimized with the Yoast SEO plugin v27.2 - https:\/\/yoast.com\/product\/yoast-seo-wordpress\/ -->\n<title>2 sterne Cesenatico Hotelpreise Kinder gratis Familienrabatt<\/title>\n<meta name=\"description\" content=\"2 sterne Cesenatico Hotelpreise Kinder gratis Familienrabatt; im Hotel Villa Rosa im Zentrum von Cesenatico im August ab \u20ac 40, Juli ab \u20ac 38, Juni ab \u20ac 36. Vegetarische und Bio-K\u00fcche, viele Dienstleistungen und Erm\u00e4\u00dfigungen f\u00fcr Familien mit Kindern\" \/>\n<meta name=\"robots\" content=\"index, follow, max-snippet:-1, max-image-preview:large, max-video-preview:-1\" \/>\n<link rel=\"canonical\" href=\"https:\/\/hvillarosa.com\/de\/2-sterne-cesenatico-hotelpreise\/\" \/>\n<meta property=\"og:locale\" content=\"de_DE\" \/>\n<meta property=\"og:type\" content=\"article\" \/>\n<meta property=\"og:title\" content=\"2 sterne Cesenatico Hotelpreise Kinder gratis Familienrabatt\" \/>\n<meta property=\"og:description\" content=\"2 sterne Cesenatico Hotelpreise Kinder gratis Familienrabatt; im Hotel Villa Rosa im Zentrum von Cesenatico im August ab \u20ac 40, Juli ab \u20ac 38, Juni ab \u20ac 36. Vegetarische und Bio-K\u00fcche, viele Dienstleistungen und Erm\u00e4\u00dfigungen f\u00fcr Familien mit Kindern\" \/>\n<meta property=\"og:url\" content=\"https:\/\/hvillarosa.com\/de\/2-sterne-cesenatico-hotelpreise\/\" \/>\n<meta property=\"og:site_name\" content=\"Hotel Villa Rosa\" \/>\n<meta property=\"article:publisher\" content=\"https:\/\/www.facebook.com\/HotelVillaRosaCesenatico\" \/>\n<meta property=\"article:modified_time\" content=\"2025-02-21T11:18:09+00:00\" \/>\n<meta name=\"twitter:card\" content=\"summary_large_image\" \/>\n<meta name=\"twitter:label1\" content=\"Gesch\u00e4tzte Lesezeit\" \/>\n\t<meta name=\"twitter:data1\" content=\"1\u00a0Minute\" \/>\n<script type=\"application\/ld+json\" class=\"yoast-schema-graph\">{\"@context\":\"https:\/\/schema.org\",\"@graph\":[{\"@type\":\"WebPage\",\"@id\":\"https:\/\/hvillarosa.com\/de\/2-sterne-cesenatico-hotelpreise\/\",\"url\":\"https:\/\/hvillarosa.com\/de\/2-sterne-cesenatico-hotelpreise\/\",\"name\":\"2 sterne Cesenatico Hotelpreise Kinder gratis Familienrabatt\",\"isPartOf\":{\"@id\":\"https:\/\/hvillarosa.com\/de\/#website\"},\"datePublished\":\"2025-01-27T13:24:49+00:00\",\"dateModified\":\"2025-02-21T11:18:09+00:00\",\"description\":\"2 sterne Cesenatico Hotelpreise Kinder gratis Familienrabatt; im Hotel Villa Rosa im Zentrum von Cesenatico im August ab \u20ac 40, Juli ab \u20ac 38, Juni ab \u20ac 36. Vegetarische und Bio-K\u00fcche, viele Dienstleistungen und Erm\u00e4\u00dfigungen f\u00fcr Familien mit Kindern\",\"breadcrumb\":{\"@id\":\"https:\/\/hvillarosa.com\/de\/2-sterne-cesenatico-hotelpreise\/#breadcrumb\"},\"inLanguage\":\"de\",\"potentialAction\":[{\"@type\":\"ReadAction\",\"target\":[\"https:\/\/hvillarosa.com\/de\/2-sterne-cesenatico-hotelpreise\/\"]}]},{\"@type\":\"BreadcrumbList\",\"@id\":\"https:\/\/hvillarosa.com\/de\/2-sterne-cesenatico-hotelpreise\/#breadcrumb\",\"itemListElement\":[{\"@type\":\"ListItem\",\"position\":1,\"name\":\"Home\",\"item\":\"https:\/\/hvillarosa.com\/de\/home\/\"},{\"@type\":\"ListItem\",\"position\":2,\"name\":\"PREISLISTE\"}]},{\"@type\":\"WebSite\",\"@id\":\"https:\/\/hvillarosa.com\/de\/#website\",\"url\":\"https:\/\/hvillarosa.com\/de\/\",\"name\":\"Hotel Villa Rosa\",\"description\":\"\",\"publisher\":{\"@id\":\"https:\/\/hvillarosa.com\/de\/#organization\"},\"potentialAction\":[{\"@type\":\"SearchAction\",\"target\":{\"@type\":\"EntryPoint\",\"urlTemplate\":\"https:\/\/hvillarosa.com\/de\/?s={search_term_string}\"},\"query-input\":{\"@type\":\"PropertyValueSpecification\",\"valueRequired\":true,\"valueName\":\"search_term_string\"}}],\"inLanguage\":\"de\"},{\"@type\":\"Organization\",\"@id\":\"https:\/\/hvillarosa.com\/de\/#organization\",\"name\":\"Hotel Villa Rosa\",\"url\":\"https:\/\/hvillarosa.com\/de\/\",\"logo\":{\"@type\":\"ImageObject\",\"inLanguage\":\"de\",\"@id\":\"https:\/\/hvillarosa.com\/de\/#\/schema\/logo\/image\/\",\"url\":\"https:\/\/hvillarosa.com\/wp-content\/uploads\/2024\/12\/hotel-villarosa-cesenatico.svg\",\"contentUrl\":\"https:\/\/hvillarosa.com\/wp-content\/uploads\/2024\/12\/hotel-villarosa-cesenatico.svg\",\"width\":1,\"height\":1,\"caption\":\"Hotel Villa Rosa\"},\"image\":{\"@id\":\"https:\/\/hvillarosa.com\/de\/#\/schema\/logo\/image\/\"},\"sameAs\":[\"https:\/\/www.facebook.com\/HotelVillaRosaCesenatico\",\"https:\/\/www.instagram.com\/hotelvillarosa.cesenatico\/\"]}]}<\/script>\n<!-- \/ Yoast SEO plugin. -->","yoast_head_json":{"title":"2 sterne Cesenatico Hotelpreise Kinder gratis Familienrabatt","description":"2 sterne Cesenatico Hotelpreise Kinder gratis Familienrabatt; im Hotel Villa Rosa im Zentrum von Cesenatico im August ab \u20ac 40, Juli ab \u20ac 38, Juni ab \u20ac 36. Vegetarische und Bio-K\u00fcche, viele Dienstleistungen und Erm\u00e4\u00dfigungen f\u00fcr Familien mit Kindern","robots":{"index":"index","follow":"follow","max-snippet":"max-snippet:-1","max-image-preview":"max-image-preview:large","max-video-preview":"max-video-preview:-1"},"canonical":"https:\/\/hvillarosa.com\/de\/2-sterne-cesenatico-hotelpreise\/","og_locale":"de_DE","og_type":"article","og_title":"2 sterne Cesenatico Hotelpreise Kinder gratis Familienrabatt","og_description":"2 sterne Cesenatico Hotelpreise Kinder gratis Familienrabatt; im Hotel Villa Rosa im Zentrum von Cesenatico im August ab \u20ac 40, Juli ab \u20ac 38, Juni ab \u20ac 36. Vegetarische und Bio-K\u00fcche, viele Dienstleistungen und Erm\u00e4\u00dfigungen f\u00fcr Familien mit Kindern","og_url":"https:\/\/hvillarosa.com\/de\/2-sterne-cesenatico-hotelpreise\/","og_site_name":"Hotel Villa Rosa","article_publisher":"https:\/\/www.facebook.com\/HotelVillaRosaCesenatico","article_modified_time":"2025-02-21T11:18:09+00:00","twitter_card":"summary_large_image","twitter_misc":{"Gesch\u00e4tzte Lesezeit":"1\u00a0Minute"},"schema":{"@context":"https:\/\/schema.org","@graph":[{"@type":"WebPage","@id":"https:\/\/hvillarosa.com\/de\/2-sterne-cesenatico-hotelpreise\/","url":"https:\/\/hvillarosa.com\/de\/2-sterne-cesenatico-hotelpreise\/","name":"2 sterne Cesenatico Hotelpreise Kinder gratis Familienrabatt","isPartOf":{"@id":"https:\/\/hvillarosa.com\/de\/#website"},"datePublished":"2025-01-27T13:24:49+00:00","dateModified":"2025-02-21T11:18:09+00:00","description":"2 sterne Cesenatico Hotelpreise Kinder gratis Familienrabatt; im Hotel Villa Rosa im Zentrum von Cesenatico im August ab \u20ac 40, Juli ab \u20ac 38, Juni ab \u20ac 36. Vegetarische und Bio-K\u00fcche, viele Dienstleistungen und Erm\u00e4\u00dfigungen f\u00fcr Familien mit Kindern","breadcrumb":{"@id":"https:\/\/hvillarosa.com\/de\/2-sterne-cesenatico-hotelpreise\/#breadcrumb"},"inLanguage":"de","potentialAction":[{"@type":"ReadAction","target":["https:\/\/hvillarosa.com\/de\/2-sterne-cesenatico-hotelpreise\/"]}]},{"@type":"BreadcrumbList","@id":"https:\/\/hvillarosa.com\/de\/2-sterne-cesenatico-hotelpreise\/#breadcrumb","itemListElement":[{"@type":"ListItem","position":1,"name":"Home","item":"https:\/\/hvillarosa.com\/de\/home\/"},{"@type":"ListItem","position":2,"name":"PREISLISTE"}]},{"@type":"WebSite","@id":"https:\/\/hvillarosa.com\/de\/#website","url":"https:\/\/hvillarosa.com\/de\/","name":"Hotel Villa Rosa","description":"","publisher":{"@id":"https:\/\/hvillarosa.com\/de\/#organization"},"potentialAction":[{"@type":"SearchAction","target":{"@type":"EntryPoint","urlTemplate":"https:\/\/hvillarosa.com\/de\/?s={search_term_string}"},"query-input":{"@type":"PropertyValueSpecification","valueRequired":true,"valueName":"search_term_string"}}],"inLanguage":"de"},{"@type":"Organization","@id":"https:\/\/hvillarosa.com\/de\/#organization","name":"Hotel Villa Rosa","url":"https:\/\/hvillarosa.com\/de\/","logo":{"@type":"ImageObject","inLanguage":"de","@id":"https:\/\/hvillarosa.com\/de\/#\/schema\/logo\/image\/","url":"https:\/\/hvillarosa.com\/wp-content\/uploads\/2024\/12\/hotel-villarosa-cesenatico.svg","contentUrl":"https:\/\/hvillarosa.com\/wp-content\/uploads\/2024\/12\/hotel-villarosa-cesenatico.svg","width":1,"height":1,"caption":"Hotel Villa Rosa"},"image":{"@id":"https:\/\/hvillarosa.com\/de\/#\/schema\/logo\/image\/"},"sameAs":["https:\/\/www.facebook.com\/HotelVillaRosaCesenatico","https:\/\/www.instagram.com\/hotelvillarosa.cesenatico\/"]}]}},"publishpress_future_action":{"enabled":false,"date":"2026-04-10 22:45:03","action":"change-status","newStatus":"draft","terms":[],"taxonomy":"translation_priority","extraData":[]},"publishpress_future_workflow_manual_trigger":{"enabledWorkflows":[]},"_links":{"self":[{"href":"https:\/\/hvillarosa.com\/de\/wp-json\/wp\/v2\/pages\/17526","targetHints":{"allow":["GET"]}}],"collection":[{"href":"https:\/\/hvillarosa.com\/de\/wp-json\/wp\/v2\/pages"}],"about":[{"href":"https:\/\/hvillarosa.com\/de\/wp-json\/wp\/v2\/types\/page"}],"author":[{"embeddable":true,"href":"https:\/\/hvillarosa.com\/de\/wp-json\/wp\/v2\/users\/5"}],"replies":[{"embeddable":true,"href":"https:\/\/hvillarosa.com\/de\/wp-json\/wp\/v2\/comments?post=17526"}],"version-history":[{"count":5,"href":"https:\/\/hvillarosa.com\/de\/wp-json\/wp\/v2\/pages\/17526\/revisions"}],"predecessor-version":[{"id":18784,"href":"https:\/\/hvillarosa.com\/de\/wp-json\/wp\/v2\/pages\/17526\/revisions\/18784"}],"wp:attachment":[{"href":"https:\/\/hvillarosa.com\/de\/wp-json\/wp\/v2\/media?parent=17526"}],"curies":[{"name":"wp","href":"https:\/\/api.w.org\/{rel}","templated":true}]}}