{"id":17509,"date":"2025-01-27T13:13:32","date_gmt":"2025-01-27T13:13:32","guid":{"rendered":"https:\/\/hvillarosa.com\/?page_id=17509"},"modified":"2025-02-21T10:36:34","modified_gmt":"2025-02-21T10:36:34","slug":"cesenatico-billige-hotels","status":"publish","type":"page","link":"https:\/\/hvillarosa.com\/de\/cesenatico-billige-hotels\/","title":{"rendered":"ZIMMER"},"content":{"rendered":"\n<style type=\"text\/css\" data-created_by=\"avia_inline_auto\" id=\"style-css-av-4rm0wi-eea232e6931b6d6ada70b9ebe1780641\">\n.avia-section.av-4rm0wi-eea232e6931b6d6ada70b9ebe1780641{\nbackground-repeat:no-repeat;\nbackground-image:url(https:\/\/hvillarosa.com\/wp-content\/uploads\/2024\/12\/esterno-scaled.jpg);\nbackground-position:50% 100%;\nbackground-attachment:fixed;\n}\n<\/style>\n<div id='av_section_1'  class='avia-section av-4rm0wi-eea232e6931b6d6ada70b9ebe1780641 main_color avia-section-small avia-no-border-styling  avia-builder-el-0  el_before_av_section  avia-builder-el-first  av-small-hide av-mini-hide avia-full-stretch avia-bg-style-fixed av-minimum-height av-minimum-height-75 av-height-75  container_wrap fullsize'  data-section-bg-repeat='stretch' data-av_minimum_height_pc='75' data-av_min_height_opt='75'><div class='container av-section-cont-open' ><main  role=\"main\" itemprop=\"mainContentOfPage\"  class='template-page content  av-content-full alpha units'><div class='post-entry post-entry-type-page post-entry-17509'><div class='entry-content-wrapper clearfix'>\n<div  class='flex_column av-4jhs2i-2d1e390783207ea7f5731544ae384384 av_one_fourth  avia-builder-el-1  el_before_av_one_half  avia-builder-el-first  first flex_column_div  '     ><\/div>\n<style type=\"text\/css\" data-created_by=\"avia_inline_auto\" id=\"style-css-av-4d33aa-d67951db756556c7519936b2a58b4f84\">\n.flex_column.av-4d33aa-d67951db756556c7519936b2a58b4f84{\npadding:80px 10px 80px 10px;\nbackground-color:rgba(255,255,255,0.75);\n}\n<\/style>\n<div  class='flex_column av-4d33aa-d67951db756556c7519936b2a58b4f84 av_one_half  avia-builder-el-2  el_after_av_one_fourth  el_before_av_one_fourth  flex_column_div  '     ><style type=\"text\/css\" data-created_by=\"avia_inline_auto\" id=\"style-css-av-l1bv53v6-57978d49310b8d81a07d700d1e757cc3\">\n#top .av-special-heading.av-l1bv53v6-57978d49310b8d81a07d700d1e757cc3{\npadding-bottom:10px;\nfont-size:45px;\n}\nbody .av-special-heading.av-l1bv53v6-57978d49310b8d81a07d700d1e757cc3 .av-special-heading-tag .heading-char{\nfont-size:25px;\n}\n#top #wrap_all .av-special-heading.av-l1bv53v6-57978d49310b8d81a07d700d1e757cc3 .av-special-heading-tag{\nfont-size:45px;\n}\n.av-special-heading.av-l1bv53v6-57978d49310b8d81a07d700d1e757cc3 .av-subheading{\nfont-size:24px;\n}\n\n@media only screen and (min-width: 480px) and (max-width: 767px){ \n#top #wrap_all .av-special-heading.av-l1bv53v6-57978d49310b8d81a07d700d1e757cc3 .av-special-heading-tag{\nfont-size:0.8em;\n}\n}\n\n@media only screen and (max-width: 479px){ \n#top #wrap_all .av-special-heading.av-l1bv53v6-57978d49310b8d81a07d700d1e757cc3 .av-special-heading-tag{\nfont-size:0.8em;\n}\n}\n<\/style>\n<div  class='av-special-heading av-l1bv53v6-57978d49310b8d81a07d700d1e757cc3 av-special-heading-h2 blockquote modern-quote modern-centered  avia-builder-el-3  avia-builder-el-no-sibling  av-inherit-size'><h2 class='av-special-heading-tag '  itemprop=\"headline\"  >ZIMMER<\/h2><div class=\"special-heading-border\"><div class=\"special-heading-inner-border\"><\/div><\/div><\/div><\/div><div  class='flex_column av-48cad6-0270edc133b7836b4e6deaa5fda0b2e6 av_one_fourth  avia-builder-el-4  el_after_av_one_half  avia-builder-el-last  flex_column_div  '     ><\/div><\/div><\/div><\/main><!-- close content main element --><\/div><\/div>\n<style type=\"text\/css\" data-created_by=\"avia_inline_auto\" id=\"style-css-av-z0jky-fe2efae9f871d1dbbd7b002375a0bfd5\">\n.avia-section.av-z0jky-fe2efae9f871d1dbbd7b002375a0bfd5{\nbackground-repeat:no-repeat;\nbackground-image:url(https:\/\/hvillarosa.com\/wp-content\/uploads\/2024\/12\/esterno-scaled.jpg);\nbackground-position:0% 50%;\nbackground-attachment:scroll;\n}\n<\/style>\n<div id='av_section_2'  class='avia-section av-z0jky-fe2efae9f871d1dbbd7b002375a0bfd5 main_color avia-section-small avia-no-border-styling  avia-builder-el-5  el_after_av_section  el_before_av_section  av-desktop-hide av-medium-hide avia-full-stretch avia-bg-style-scroll av-minimum-height av-minimum-height-50 av-height-50  container_wrap fullsize'  data-section-bg-repeat='stretch' data-av_minimum_height_pc='50' data-av_min_height_opt='50'><div class='container av-section-cont-open' ><div class='template-page content  av-content-full alpha units'><div class='post-entry post-entry-type-page post-entry-17509'><div class='entry-content-wrapper clearfix'>\n<div  class='flex_column av-sexki-226b548bb655b555977bb3d3d3194cac av_one_fourth  avia-builder-el-6  el_before_av_one_half  avia-builder-el-first  first flex_column_div  '     ><\/div>\n<style type=\"text\/css\" data-created_by=\"avia_inline_auto\" id=\"style-css-av-jkd7e-c2ea1723c9542e743b437b358e2cedc9\">\n.flex_column.av-jkd7e-c2ea1723c9542e743b437b358e2cedc9{\npadding:80px 10px 80px 10px;\nbackground-color:rgba(255,255,255,0.75);\n}\n<\/style>\n<div  class='flex_column av-jkd7e-c2ea1723c9542e743b437b358e2cedc9 av_one_half  avia-builder-el-7  el_after_av_one_fourth  el_before_av_one_fourth  flex_column_div  '     ><style type=\"text\/css\" data-created_by=\"avia_inline_auto\" id=\"style-css-av-e4z96-6d0792e72ed82536a91e7444ffa17576\">\n#top .av-special-heading.av-e4z96-6d0792e72ed82536a91e7444ffa17576{\npadding-bottom:10px;\nfont-size:45px;\n}\nbody .av-special-heading.av-e4z96-6d0792e72ed82536a91e7444ffa17576 .av-special-heading-tag .heading-char{\nfont-size:25px;\n}\n#top #wrap_all .av-special-heading.av-e4z96-6d0792e72ed82536a91e7444ffa17576 .av-special-heading-tag{\nfont-size:45px;\n}\n.av-special-heading.av-e4z96-6d0792e72ed82536a91e7444ffa17576 .av-subheading{\nfont-size:24px;\n}\n\n@media only screen and (min-width: 480px) and (max-width: 767px){ \n#top #wrap_all .av-special-heading.av-e4z96-6d0792e72ed82536a91e7444ffa17576 .av-special-heading-tag{\nfont-size:0.8em;\n}\n}\n\n@media only screen and (max-width: 479px){ \n#top #wrap_all .av-special-heading.av-e4z96-6d0792e72ed82536a91e7444ffa17576 .av-special-heading-tag{\nfont-size:0.8em;\n}\n}\n<\/style>\n<div  class='av-special-heading av-e4z96-6d0792e72ed82536a91e7444ffa17576 av-special-heading-h2 blockquote modern-quote modern-centered  avia-builder-el-8  avia-builder-el-no-sibling  av-inherit-size'><h2 class='av-special-heading-tag '  itemprop=\"headline\"  >ZIMMER<\/h2><div class=\"special-heading-border\"><div class=\"special-heading-inner-border\"><\/div><\/div><\/div><\/div><div  class='flex_column av-b5jyy-7b3e409f3645f07284a7a6f3fc566355 av_one_fourth  avia-builder-el-9  el_after_av_one_half  avia-builder-el-last  flex_column_div  '     ><\/div><\/div><\/div><\/div><!-- close content main div --><\/div><\/div><div id='av_section_3'  class='avia-section av-407lbu-67bc9250e09387d39c5a09161372ff56 main_color avia-section-small avia-no-border-styling  avia-builder-el-10  el_after_av_section  el_before_av_revolutionslider  avia-bg-style-scroll container_wrap fullsize'  ><div class='container av-section-cont-open' ><div class='template-page content  av-content-full alpha units'><div class='post-entry post-entry-type-page post-entry-17509'><div class='entry-content-wrapper clearfix'>\n<section  class='av_textblock_section av-l1bv6065-11b3e385db6ae0053611305e99608eec '   itemscope=\"itemscope\" itemtype=\"https:\/\/schema.org\/CreativeWork\" ><div class='avia_textblock'  itemprop=\"text\" ><p style=\"text-align: center;\">\n<style type=\"text\/css\" data-created_by=\"avia_inline_auto\" id=\"style-css-av-3j99vm-fc262482e775e2b4cc9ccf8e8b9c5f02\">\n.av_font_icon.av-3j99vm-fc262482e775e2b4cc9ccf8e8b9c5f02{\ncolor:#45b1b5;\nborder-color:#45b1b5;\n}\n.avia-svg-icon.av-3j99vm-fc262482e775e2b4cc9ccf8e8b9c5f02 svg:first-child{\nstroke:#45b1b5;\nfill:#45b1b5;\n}\n.av_font_icon.av-3j99vm-fc262482e775e2b4cc9ccf8e8b9c5f02 .av-icon-char{\nfont-size:60px;\nline-height:60px;\n}\n<\/style>\n<span  class='av_font_icon av-3j99vm-fc262482e775e2b4cc9ccf8e8b9c5f02 avia_animate_when_visible av-icon-style- avia-icon-pos-left avia-iconfont avia-font-hotel avia-icon-animate'><span class='av-icon-char' data-av_icon='' data-av_iconfont='hotel' aria-hidden=\"true\" ><\/span><\/span><\/p>\n<div class=\"av-special-heading av-861lm-c40d3ce4b090560523fd0c46398c15dc av-special-heading-h1 blockquote modern-quote avia-builder-el-10 el_before_av_textblock avia-builder-el-first \"><\/div>\n<h3 style=\"text-align: center;\"><strong>&#8222;\u2026WENN DER MORGEN DER BESTE TAG IST&#8220;<\/strong><\/h3>\n<section class=\"av_textblock_section av-osl8y-fba5c5c4b242a7eb2a5891e559db37e2 \">\n<div class=\"avia_textblock\">\n<p style=\"text-align: center;\">Die Ferien sind die perfekte Zeit, um Zeit mit Familie und Freunden zu verbringen, Spa\u00df zu haben, von den allt\u00e4glichen Verpflichtungen abzuschalten und sich nat\u00fcrlich auszuruhen. Und was gibt es Sch\u00f6neres als einen erholsamen Schlaf in hei\u00dfen Sommern\u00e4chten?<\/p>\n<p style=\"text-align: center;\"><strong>Um unseren G\u00e4sten einen qualitativ hochwertigen Aufenthalt zu gew\u00e4hrleisten, sind alle 23 Zimmer unseres Hotels hell, gut m\u00f6bliert und mit bezaubernden handgefertigten Keramikobjekten dekoriert.<\/strong><\/p>\n<p style=\"text-align: center;\">Jedes Zimmer ist mit eigenem Bad, Dusche, Direktwahltelefon, Farbfernseher, Klimaanlage, Safe und Haartrockner ausgestattet. Einige Zimmer verf\u00fcgen zudem \u00fcber einen Balkon, auf dem Sie die Meeresbrise genie\u00dfen k\u00f6nnen.<\/p>\n<\/div>\n<\/section>\n<div class=\"avia-image-container av-l2yi4b1z-39b1216b7d2522e70684d030bfdafe99 av-styling- avia-align-center avia-builder-el-5 el_after_av_textblock avia-builder-el-last \">\n<div class=\"avia-image-container-inner\">\n<div class=\"avia-image-overlay-wrap\"><\/div>\n<\/div>\n<\/div>\n<\/div><\/section>\n<\/div><\/div><\/div><!-- close content main div --><\/div><\/div><div id='revolutionslider_1'  class='avia-layerslider avia-revolutionslider main_color avia-shadow  avia-builder-el-13  el_after_av_section  avia-builder-el-last   slider-not-first container_wrap fullsize'  >\n\t\t\t\t<p class=\"rs-p-wp-fix\"><\/p>\n\t\t\t\t<sr7-module data-alias=\"slider-cucina-vegetariana-1\" data-id=\"75\" id=\"SR7_75_1\" class=\"rs-ov-hidden\" data-version=\"6.7.51\">\n\t\t\t\t\t<sr7-adjuster><\/sr7-adjuster>\n\t\t\t\t\t<sr7-content>\n\t\t\t\t\t\t<sr7-carousel>\n\t\t\t\t\t\t<sr7-slide id=\"SR7_75_1-296\" data-key=\"296\">\n\t\t\t\t\t\t\t<sr7-bg id=\"SR7_75_1-296-1\" class=\"sr7-layer\"><noscript><img decoding=\"async\" src=\"https:\/\/hvillarosa.com\/wp-content\/uploads\/2025\/02\/RE8_6408-FILEminimizer-1030x688-1.jpg\" alt=\"\" title=\"RE8_6408-FILEminimizer-1030&#215;688\"><\/noscript><\/sr7-bg>\n\t\t\t\t\t\t<\/sr7-slide>\n\t\t\t\t\t\t<sr7-slide id=\"SR7_75_1-291\" data-key=\"291\">\n\t\t\t\t\t\t\t<sr7-bg id=\"SR7_75_1-291-1\" class=\"sr7-layer\"><noscript><img decoding=\"async\" src=\"https:\/\/hvillarosa.com\/wp-content\/uploads\/2025\/02\/RE8_6428-FILEminimizer-1030x688-1.jpg\" alt=\"\" title=\"RE8_6428-FILEminimizer-1030&#215;688\"><\/noscript><\/sr7-bg>\n\t\t\t\t\t\t<\/sr7-slide>\n\t\t\t\t\t\t<sr7-slide id=\"SR7_75_1-294\" data-key=\"294\">\n\t\t\t\t\t\t\t<sr7-bg id=\"SR7_75_1-294-1\" class=\"sr7-layer\"><noscript><img decoding=\"async\" src=\"https:\/\/hvillarosa.com\/wp-content\/uploads\/2025\/02\/Camera-Hotel-2-stelle-a-Cesenatico.jpg\" alt=\"\" title=\"Camera-Hotel-2-stelle-a-Cesenatico\"><\/noscript><\/sr7-bg>\n\t\t\t\t\t\t<\/sr7-slide>\n\t\t\t\t\t\t<sr7-slide id=\"SR7_75_1-295\" data-key=\"295\">\n\t\t\t\t\t\t\t<sr7-bg id=\"SR7_75_1-295-1\" class=\"sr7-layer\"><noscript><img decoding=\"async\" src=\"https:\/\/hvillarosa.com\/wp-content\/uploads\/2025\/02\/Camera-Hotel-a-Cesenatico-vacanza-mare-in-Romagna.jpg\" alt=\"\" title=\"Camera-Hotel-a-Cesenatico-vacanza-mare-in-Romagna\"><\/noscript><\/sr7-bg>\n\t\t\t\t\t\t<\/sr7-slide>\n\t\t\t\t\t\t<sr7-slide id=\"SR7_75_1-293\" data-key=\"293\">\n\t\t\t\t\t\t\t<sr7-bg id=\"SR7_75_1-293-1\" class=\"sr7-layer\"><noscript><img decoding=\"async\" src=\"https:\/\/hvillarosa.com\/wp-content\/uploads\/2025\/02\/Dettaglio-Camera-Hotel-Villa-Rosa-Cesenatico-1.jpg\" alt=\"\" title=\"Dettaglio-Camera-Hotel-Villa-Rosa-Cesenatico\"><\/noscript><\/sr7-bg>\n\t\t\t\t\t\t<\/sr7-slide>\n\t\t\t\t\t\t<sr7-slide id=\"SR7_75_1-292\" data-key=\"292\">\n\t\t\t\t\t\t\t<sr7-bg id=\"SR7_75_1-292-1\" class=\"sr7-layer\"><noscript><img decoding=\"async\" src=\"https:\/\/hvillarosa.com\/wp-content\/uploads\/2025\/02\/RE8_6411-FILEminimizer-1030x688-1.jpg\" alt=\"\" title=\"RE8_6411-FILEminimizer-1030&#215;688\"><\/noscript><\/sr7-bg>\n\t\t\t\t\t\t<\/sr7-slide>\n\t\t\t\t\t\t<sr7-slide id=\"SR7_75_1-290\" data-key=\"290\">\n\t\t\t\t\t\t\t<sr7-bg id=\"SR7_75_1-290-1\" class=\"sr7-layer\"><noscript><img decoding=\"async\" src=\"https:\/\/hvillarosa.com\/wp-content\/uploads\/2025\/02\/RE8_6415-FILEminimizer-1030x688-1.jpg\" alt=\"\" title=\"RE8_6415-FILEminimizer-1030&#215;688\"><\/noscript><\/sr7-bg>\n\t\t\t\t\t\t<\/sr7-slide>\n\t\t\t\t\t\t<sr7-slide id=\"SR7_75_1-289\" data-key=\"289\">\n\t\t\t\t\t\t\t<sr7-bg id=\"SR7_75_1-289-1\" class=\"sr7-layer\"><noscript><img decoding=\"async\" src=\"https:\/\/hvillarosa.com\/wp-content\/uploads\/2025\/02\/RE8_6426-FILEminimizer-1030x688-1.jpg\" alt=\"\" title=\"RE8_6426-FILEminimizer-1030&#215;688\"><\/noscript><\/sr7-bg>\n\t\t\t\t\t\t<\/sr7-slide>\n\t\t\t\t\t\t<sr7-slide id=\"SR7_75_1-297\" data-key=\"297\">\n\t\t\t\t\t\t<\/sr7-slide>\n\t\t\t\t\t\t<\/sr7-carousel>\n\t\t\t\t\t<\/sr7-content>\n\t\t\t\t\t<image_lists style=\"display:none\">\n\t\t\t\t\t\t<img data-src=\"\/\/hvillarosa.com\/wp-content\/uploads\/2025\/02\/RE8_6426-FILEminimizer-1030x688-1.jpg\" data-libid=\"17762\" data-lib=\"medialibrary\" title=\"RE8_6426-FILEminimizer-1030&#215;688\" width=\"0\" height=\"0\" data-dbsrc=\"Ly9odmlsbGFyb3NhLmNvbS93cC1jb250ZW50L3VwbG9hZHMvMjAyNS8wMi9SRThfNjQyNi1GSUxFbWluaW1pemVyLTEwMzB4Njg4LTEuanBn\"\/>\n\t\t\t\t\t\t<img data-src=\"\/\/hvillarosa.com\/wp-content\/uploads\/2025\/02\/RE8_6415-FILEminimizer-1030x688-1.jpg\" data-libid=\"17759\" data-lib=\"medialibrary\" title=\"RE8_6415-FILEminimizer-1030&#215;688\" width=\"0\" height=\"0\" data-dbsrc=\"Ly9odmlsbGFyb3NhLmNvbS93cC1jb250ZW50L3VwbG9hZHMvMjAyNS8wMi9SRThfNjQxNS1GSUxFbWluaW1pemVyLTEwMzB4Njg4LTEuanBn\"\/>\n\t\t\t\t\t\t<img data-src=\"\/\/hvillarosa.com\/wp-content\/uploads\/2025\/02\/RE8_6428-FILEminimizer-1030x688-1.jpg\" data-libid=\"17765\" data-lib=\"medialibrary\" title=\"RE8_6428-FILEminimizer-1030&#215;688\" width=\"0\" height=\"0\" data-dbsrc=\"Ly9odmlsbGFyb3NhLmNvbS93cC1jb250ZW50L3VwbG9hZHMvMjAyNS8wMi9SRThfNjQyOC1GSUxFbWluaW1pemVyLTEwMzB4Njg4LTEuanBn\"\/>\n\t\t\t\t\t\t<img data-src=\"\/\/hvillarosa.com\/wp-content\/uploads\/2025\/02\/RE8_6411-FILEminimizer-1030x688-1.jpg\" data-libid=\"17756\" data-lib=\"medialibrary\" title=\"RE8_6411-FILEminimizer-1030&#215;688\" width=\"0\" height=\"0\" data-dbsrc=\"Ly9odmlsbGFyb3NhLmNvbS93cC1jb250ZW50L3VwbG9hZHMvMjAyNS8wMi9SRThfNjQxMS1GSUxFbWluaW1pemVyLTEwMzB4Njg4LTEuanBn\"\/>\n\t\t\t\t\t\t<img data-src=\"\/\/hvillarosa.com\/wp-content\/uploads\/2025\/02\/Dettaglio-Camera-Hotel-Villa-Rosa-Cesenatico-1.jpg\" data-libid=\"17750\" data-lib=\"medialibrary\" title=\"Dettaglio-Camera-Hotel-Villa-Rosa-Cesenatico\" width=\"0\" height=\"0\" data-dbsrc=\"Ly9odmlsbGFyb3NhLmNvbS93cC1jb250ZW50L3VwbG9hZHMvMjAyNS8wMi9EZXR0YWdsaW8tQ2FtZXJhLUhvdGVsLVZpbGxhLVJvc2EtQ2VzZW5hdGljby0xLmpwZw==\"\/>\n\t\t\t\t\t\t<img data-src=\"\/\/hvillarosa.com\/wp-content\/uploads\/2025\/02\/Camera-Hotel-2-stelle-a-Cesenatico.jpg\" data-libid=\"17744\" data-lib=\"medialibrary\" title=\"Camera-Hotel-2-stelle-a-Cesenatico\" width=\"0\" height=\"0\" data-dbsrc=\"Ly9odmlsbGFyb3NhLmNvbS93cC1jb250ZW50L3VwbG9hZHMvMjAyNS8wMi9DYW1lcmEtSG90ZWwtMi1zdGVsbGUtYS1DZXNlbmF0aWNvLmpwZw==\"\/>\n\t\t\t\t\t\t<img data-src=\"\/\/hvillarosa.com\/wp-content\/uploads\/2025\/02\/Camera-Hotel-a-Cesenatico-vacanza-mare-in-Romagna.jpg\" data-libid=\"17747\" data-lib=\"medialibrary\" title=\"Camera-Hotel-a-Cesenatico-vacanza-mare-in-Romagna\" width=\"0\" height=\"0\" data-dbsrc=\"Ly9odmlsbGFyb3NhLmNvbS93cC1jb250ZW50L3VwbG9hZHMvMjAyNS8wMi9DYW1lcmEtSG90ZWwtYS1DZXNlbmF0aWNvLXZhY2FuemEtbWFyZS1pbi1Sb21hZ25hLmpwZw==\"\/>\n\t\t\t\t\t\t<img data-src=\"\/\/hvillarosa.com\/wp-content\/uploads\/2025\/02\/RE8_6408-FILEminimizer-1030x688-1.jpg\" data-libid=\"17753\" data-lib=\"medialibrary\" title=\"RE8_6408-FILEminimizer-1030&#215;688\" width=\"0\" height=\"0\" data-dbsrc=\"Ly9odmlsbGFyb3NhLmNvbS93cC1jb250ZW50L3VwbG9hZHMvMjAyNS8wMi9SRThfNjQwOC1GSUxFbWluaW1pemVyLTEwMzB4Njg4LTEuanBn\"\/>\n\t\t\t\t\t<\/image_lists>\n\t\t\t\t<\/sr7-module>\n\t\t\t\t<script>\n\t\t\t\t\twindow.SR7 ??={};SR7.PMH ??={}; SR7.PMH[\"SR7_75_1\"] = {cn:100,state:false,fn: function() { if (window._tpt!==undefined && window._tpt.prepareModuleHeight !== undefined) {  _tpt.prepareModuleHeight({id:\"SR7_75_1\",el:[700,700,700,700,720],type:'carousel',shdw:'0',gh:[700,700,700,700,520],gw:[800,800,800,800,480],vpt:['-200px&#039;,&#039;-200px&#039;,&#039;-200px&#039;,&#039;-200px&#039;,&#039;-200px'],size:{fullWidth:true, fullHeight:false},mh:'0',onh:100,onw:0,bg:{color:'{\"orig\":\"transparent\",\"type\":\"solid\",\"string\":\"transparent\"}'},carousel:{pt:'0',pb:'0'}});   SR7.PMH[\"SR7_75_1\"].state=true;} else if(SR7.PMH[\"SR7_75_1\"].cn-->0)\tsetTimeout( SR7.PMH[\"SR7_75_1\"].fn,19);}};SR7.PMH[\"SR7_75_1\" ].fn();\n\t\t\t\t<\/script>\n<\/div><\/p>\n","protected":false},"excerpt":{"rendered":"","protected":false},"author":5,"featured_media":0,"parent":0,"menu_order":0,"comment_status":"closed","ping_status":"closed","template":"","meta":{"footnotes":""},"class_list":["post-17509","page","type-page","status-publish","hentry"],"yoast_head":"<!-- This site is optimized with the Yoast SEO plugin v27.2 - https:\/\/yoast.com\/product\/yoast-seo-wordpress\/ -->\n<title>Cesenatico billige Hotels<\/title>\n<meta name=\"description\" content=\"Cesenatico billige Hotels, Um unseren G\u00e4sten immer einen hochwertigen Service zu bieten, sind alle 23 Zimmer des Hotels hell und h\u00fcbsch eingerichtet und mit feinen, handgearbeiteten Keramikartikeln verziert, sie haben ein eigenes Bad mit Duschkabine, ein Direkttelefon, Farbfernseher, Klimaanlage, Safe und Haartrockner.\" \/>\n<meta name=\"robots\" content=\"index, follow, max-snippet:-1, max-image-preview:large, max-video-preview:-1\" \/>\n<link rel=\"canonical\" href=\"https:\/\/hvillarosa.com\/de\/cesenatico-billige-hotels\/\" \/>\n<meta property=\"og:locale\" content=\"de_DE\" \/>\n<meta property=\"og:type\" content=\"article\" \/>\n<meta property=\"og:title\" content=\"Cesenatico billige Hotels\" \/>\n<meta property=\"og:description\" content=\"Cesenatico billige Hotels, Um unseren G\u00e4sten immer einen hochwertigen Service zu bieten, sind alle 23 Zimmer des Hotels hell und h\u00fcbsch eingerichtet und mit feinen, handgearbeiteten Keramikartikeln verziert, sie haben ein eigenes Bad mit Duschkabine, ein Direkttelefon, Farbfernseher, Klimaanlage, Safe und Haartrockner.\" \/>\n<meta property=\"og:url\" content=\"https:\/\/hvillarosa.com\/de\/cesenatico-billige-hotels\/\" \/>\n<meta property=\"og:site_name\" content=\"Hotel Villa Rosa\" \/>\n<meta property=\"article:publisher\" content=\"https:\/\/www.facebook.com\/HotelVillaRosaCesenatico\" \/>\n<meta property=\"article:modified_time\" content=\"2025-02-21T10:36:34+00:00\" \/>\n<meta name=\"twitter:card\" content=\"summary_large_image\" \/>\n<meta name=\"twitter:label1\" content=\"Gesch\u00e4tzte Lesezeit\" \/>\n\t<meta name=\"twitter:data1\" content=\"3\u00a0Minuten\" \/>\n<script type=\"application\/ld+json\" class=\"yoast-schema-graph\">{\"@context\":\"https:\/\/schema.org\",\"@graph\":[{\"@type\":\"WebPage\",\"@id\":\"https:\/\/hvillarosa.com\/de\/cesenatico-billige-hotels\/\",\"url\":\"https:\/\/hvillarosa.com\/de\/cesenatico-billige-hotels\/\",\"name\":\"Cesenatico billige Hotels\",\"isPartOf\":{\"@id\":\"https:\/\/hvillarosa.com\/de\/#website\"},\"datePublished\":\"2025-01-27T13:13:32+00:00\",\"dateModified\":\"2025-02-21T10:36:34+00:00\",\"description\":\"Cesenatico billige Hotels, Um unseren G\u00e4sten immer einen hochwertigen Service zu bieten, sind alle 23 Zimmer des Hotels hell und h\u00fcbsch eingerichtet und mit feinen, handgearbeiteten Keramikartikeln verziert, sie haben ein eigenes Bad mit Duschkabine, ein Direkttelefon, Farbfernseher, Klimaanlage, Safe und Haartrockner.\",\"breadcrumb\":{\"@id\":\"https:\/\/hvillarosa.com\/de\/cesenatico-billige-hotels\/#breadcrumb\"},\"inLanguage\":\"de\",\"potentialAction\":[{\"@type\":\"ReadAction\",\"target\":[\"https:\/\/hvillarosa.com\/de\/cesenatico-billige-hotels\/\"]}]},{\"@type\":\"BreadcrumbList\",\"@id\":\"https:\/\/hvillarosa.com\/de\/cesenatico-billige-hotels\/#breadcrumb\",\"itemListElement\":[{\"@type\":\"ListItem\",\"position\":1,\"name\":\"Home\",\"item\":\"https:\/\/hvillarosa.com\/de\/home\/\"},{\"@type\":\"ListItem\",\"position\":2,\"name\":\"ZIMMER\"}]},{\"@type\":\"WebSite\",\"@id\":\"https:\/\/hvillarosa.com\/de\/#website\",\"url\":\"https:\/\/hvillarosa.com\/de\/\",\"name\":\"Hotel Villa Rosa\",\"description\":\"\",\"publisher\":{\"@id\":\"https:\/\/hvillarosa.com\/de\/#organization\"},\"potentialAction\":[{\"@type\":\"SearchAction\",\"target\":{\"@type\":\"EntryPoint\",\"urlTemplate\":\"https:\/\/hvillarosa.com\/de\/?s={search_term_string}\"},\"query-input\":{\"@type\":\"PropertyValueSpecification\",\"valueRequired\":true,\"valueName\":\"search_term_string\"}}],\"inLanguage\":\"de\"},{\"@type\":\"Organization\",\"@id\":\"https:\/\/hvillarosa.com\/de\/#organization\",\"name\":\"Hotel Villa Rosa\",\"url\":\"https:\/\/hvillarosa.com\/de\/\",\"logo\":{\"@type\":\"ImageObject\",\"inLanguage\":\"de\",\"@id\":\"https:\/\/hvillarosa.com\/de\/#\/schema\/logo\/image\/\",\"url\":\"https:\/\/hvillarosa.com\/wp-content\/uploads\/2024\/12\/hotel-villarosa-cesenatico.svg\",\"contentUrl\":\"https:\/\/hvillarosa.com\/wp-content\/uploads\/2024\/12\/hotel-villarosa-cesenatico.svg\",\"width\":1,\"height\":1,\"caption\":\"Hotel Villa Rosa\"},\"image\":{\"@id\":\"https:\/\/hvillarosa.com\/de\/#\/schema\/logo\/image\/\"},\"sameAs\":[\"https:\/\/www.facebook.com\/HotelVillaRosaCesenatico\",\"https:\/\/www.instagram.com\/hotelvillarosa.cesenatico\/\"]}]}<\/script>\n<!-- \/ Yoast SEO plugin. -->","yoast_head_json":{"title":"Cesenatico billige Hotels","description":"Cesenatico billige Hotels, Um unseren G\u00e4sten immer einen hochwertigen Service zu bieten, sind alle 23 Zimmer des Hotels hell und h\u00fcbsch eingerichtet und mit feinen, handgearbeiteten Keramikartikeln verziert, sie haben ein eigenes Bad mit Duschkabine, ein Direkttelefon, Farbfernseher, Klimaanlage, Safe und Haartrockner.","robots":{"index":"index","follow":"follow","max-snippet":"max-snippet:-1","max-image-preview":"max-image-preview:large","max-video-preview":"max-video-preview:-1"},"canonical":"https:\/\/hvillarosa.com\/de\/cesenatico-billige-hotels\/","og_locale":"de_DE","og_type":"article","og_title":"Cesenatico billige Hotels","og_description":"Cesenatico billige Hotels, Um unseren G\u00e4sten immer einen hochwertigen Service zu bieten, sind alle 23 Zimmer des Hotels hell und h\u00fcbsch eingerichtet und mit feinen, handgearbeiteten Keramikartikeln verziert, sie haben ein eigenes Bad mit Duschkabine, ein Direkttelefon, Farbfernseher, Klimaanlage, Safe und Haartrockner.","og_url":"https:\/\/hvillarosa.com\/de\/cesenatico-billige-hotels\/","og_site_name":"Hotel Villa Rosa","article_publisher":"https:\/\/www.facebook.com\/HotelVillaRosaCesenatico","article_modified_time":"2025-02-21T10:36:34+00:00","twitter_card":"summary_large_image","twitter_misc":{"Gesch\u00e4tzte Lesezeit":"3\u00a0Minuten"},"schema":{"@context":"https:\/\/schema.org","@graph":[{"@type":"WebPage","@id":"https:\/\/hvillarosa.com\/de\/cesenatico-billige-hotels\/","url":"https:\/\/hvillarosa.com\/de\/cesenatico-billige-hotels\/","name":"Cesenatico billige Hotels","isPartOf":{"@id":"https:\/\/hvillarosa.com\/de\/#website"},"datePublished":"2025-01-27T13:13:32+00:00","dateModified":"2025-02-21T10:36:34+00:00","description":"Cesenatico billige Hotels, Um unseren G\u00e4sten immer einen hochwertigen Service zu bieten, sind alle 23 Zimmer des Hotels hell und h\u00fcbsch eingerichtet und mit feinen, handgearbeiteten Keramikartikeln verziert, sie haben ein eigenes Bad mit Duschkabine, ein Direkttelefon, Farbfernseher, Klimaanlage, Safe und Haartrockner.","breadcrumb":{"@id":"https:\/\/hvillarosa.com\/de\/cesenatico-billige-hotels\/#breadcrumb"},"inLanguage":"de","potentialAction":[{"@type":"ReadAction","target":["https:\/\/hvillarosa.com\/de\/cesenatico-billige-hotels\/"]}]},{"@type":"BreadcrumbList","@id":"https:\/\/hvillarosa.com\/de\/cesenatico-billige-hotels\/#breadcrumb","itemListElement":[{"@type":"ListItem","position":1,"name":"Home","item":"https:\/\/hvillarosa.com\/de\/home\/"},{"@type":"ListItem","position":2,"name":"ZIMMER"}]},{"@type":"WebSite","@id":"https:\/\/hvillarosa.com\/de\/#website","url":"https:\/\/hvillarosa.com\/de\/","name":"Hotel Villa Rosa","description":"","publisher":{"@id":"https:\/\/hvillarosa.com\/de\/#organization"},"potentialAction":[{"@type":"SearchAction","target":{"@type":"EntryPoint","urlTemplate":"https:\/\/hvillarosa.com\/de\/?s={search_term_string}"},"query-input":{"@type":"PropertyValueSpecification","valueRequired":true,"valueName":"search_term_string"}}],"inLanguage":"de"},{"@type":"Organization","@id":"https:\/\/hvillarosa.com\/de\/#organization","name":"Hotel Villa Rosa","url":"https:\/\/hvillarosa.com\/de\/","logo":{"@type":"ImageObject","inLanguage":"de","@id":"https:\/\/hvillarosa.com\/de\/#\/schema\/logo\/image\/","url":"https:\/\/hvillarosa.com\/wp-content\/uploads\/2024\/12\/hotel-villarosa-cesenatico.svg","contentUrl":"https:\/\/hvillarosa.com\/wp-content\/uploads\/2024\/12\/hotel-villarosa-cesenatico.svg","width":1,"height":1,"caption":"Hotel Villa Rosa"},"image":{"@id":"https:\/\/hvillarosa.com\/de\/#\/schema\/logo\/image\/"},"sameAs":["https:\/\/www.facebook.com\/HotelVillaRosaCesenatico","https:\/\/www.instagram.com\/hotelvillarosa.cesenatico\/"]}]}},"publishpress_future_action":{"enabled":false,"date":"2026-04-10 22:39:18","action":"change-status","newStatus":"draft","terms":[],"taxonomy":"translation_priority","extraData":[]},"publishpress_future_workflow_manual_trigger":{"enabledWorkflows":[]},"_links":{"self":[{"href":"https:\/\/hvillarosa.com\/de\/wp-json\/wp\/v2\/pages\/17509","targetHints":{"allow":["GET"]}}],"collection":[{"href":"https:\/\/hvillarosa.com\/de\/wp-json\/wp\/v2\/pages"}],"about":[{"href":"https:\/\/hvillarosa.com\/de\/wp-json\/wp\/v2\/types\/page"}],"author":[{"embeddable":true,"href":"https:\/\/hvillarosa.com\/de\/wp-json\/wp\/v2\/users\/5"}],"replies":[{"embeddable":true,"href":"https:\/\/hvillarosa.com\/de\/wp-json\/wp\/v2\/comments?post=17509"}],"version-history":[{"count":4,"href":"https:\/\/hvillarosa.com\/de\/wp-json\/wp\/v2\/pages\/17509\/revisions"}],"predecessor-version":[{"id":18750,"href":"https:\/\/hvillarosa.com\/de\/wp-json\/wp\/v2\/pages\/17509\/revisions\/18750"}],"wp:attachment":[{"href":"https:\/\/hvillarosa.com\/de\/wp-json\/wp\/v2\/media?parent=17509"}],"curies":[{"name":"wp","href":"https:\/\/api.w.org\/{rel}","templated":true}]}}