{"id":17486,"date":"2025-01-27T12:05:21","date_gmt":"2025-01-27T12:05:21","guid":{"rendered":"https:\/\/hvillarosa.com\/?page_id=17486"},"modified":"2025-02-21T11:10:47","modified_gmt":"2025-02-21T11:10:47","slug":"hotel-fuer-hunde-in-cesenatico","status":"publish","type":"page","link":"https:\/\/hvillarosa.com\/de\/hotel-fuer-hunde-in-cesenatico\/","title":{"rendered":"PET FRIENDLY HOTEL"},"content":{"rendered":"\n<style type=\"text\/css\" data-created_by=\"avia_inline_auto\" id=\"style-css-av-4rm0wi-eea232e6931b6d6ada70b9ebe1780641\">\n.avia-section.av-4rm0wi-eea232e6931b6d6ada70b9ebe1780641{\nbackground-repeat:no-repeat;\nbackground-image:url(https:\/\/hvillarosa.com\/wp-content\/uploads\/2024\/12\/esterno-scaled.jpg);\nbackground-position:50% 100%;\nbackground-attachment:fixed;\n}\n<\/style>\n<div id='av_section_1'  class='avia-section av-4rm0wi-eea232e6931b6d6ada70b9ebe1780641 main_color avia-section-small avia-no-border-styling  avia-builder-el-0  el_before_av_section  avia-builder-el-first  av-small-hide av-mini-hide avia-full-stretch avia-bg-style-fixed av-minimum-height av-minimum-height-75 av-height-75  container_wrap fullsize'  data-section-bg-repeat='stretch' data-av_minimum_height_pc='75' data-av_min_height_opt='75'><div class='container av-section-cont-open' ><main  role=\"main\" itemprop=\"mainContentOfPage\"  class='template-page content  av-content-full alpha units'><div class='post-entry post-entry-type-page post-entry-17486'><div class='entry-content-wrapper clearfix'>\n<div  class='flex_column av-4jhs2i-2d1e390783207ea7f5731544ae384384 av_one_fourth  avia-builder-el-1  el_before_av_one_half  avia-builder-el-first  first flex_column_div  '     ><\/div>\n<style type=\"text\/css\" data-created_by=\"avia_inline_auto\" id=\"style-css-av-4d33aa-d67951db756556c7519936b2a58b4f84\">\n.flex_column.av-4d33aa-d67951db756556c7519936b2a58b4f84{\npadding:80px 10px 80px 10px;\nbackground-color:rgba(255,255,255,0.75);\n}\n<\/style>\n<div  class='flex_column av-4d33aa-d67951db756556c7519936b2a58b4f84 av_one_half  avia-builder-el-2  el_after_av_one_fourth  el_before_av_one_fourth  flex_column_div  '     ><style type=\"text\/css\" data-created_by=\"avia_inline_auto\" id=\"style-css-av-l1bv53v6-362db33bda0f5525ef959eb633522363\">\n#top .av-special-heading.av-l1bv53v6-362db33bda0f5525ef959eb633522363{\npadding-bottom:10px;\nfont-size:45px;\n}\nbody .av-special-heading.av-l1bv53v6-362db33bda0f5525ef959eb633522363 .av-special-heading-tag .heading-char{\nfont-size:25px;\n}\n#top #wrap_all .av-special-heading.av-l1bv53v6-362db33bda0f5525ef959eb633522363 .av-special-heading-tag{\nfont-size:45px;\n}\n.av-special-heading.av-l1bv53v6-362db33bda0f5525ef959eb633522363 .av-subheading{\nfont-size:24px;\n}\n\n@media only screen and (min-width: 480px) and (max-width: 767px){ \n#top #wrap_all .av-special-heading.av-l1bv53v6-362db33bda0f5525ef959eb633522363 .av-special-heading-tag{\nfont-size:0.8em;\n}\n}\n\n@media only screen and (max-width: 479px){ \n#top #wrap_all .av-special-heading.av-l1bv53v6-362db33bda0f5525ef959eb633522363 .av-special-heading-tag{\nfont-size:0.8em;\n}\n}\n<\/style>\n<div  class='av-special-heading av-l1bv53v6-362db33bda0f5525ef959eb633522363 av-special-heading-h2 blockquote modern-quote modern-centered  avia-builder-el-3  avia-builder-el-no-sibling  av-inherit-size'><h2 class='av-special-heading-tag '  itemprop=\"headline\"  >PET FRIENDLY HOTEL<\/h2><div class=\"special-heading-border\"><div class=\"special-heading-inner-border\"><\/div><\/div><\/div><\/div><div  class='flex_column av-48cad6-0270edc133b7836b4e6deaa5fda0b2e6 av_one_fourth  avia-builder-el-4  el_after_av_one_half  avia-builder-el-last  flex_column_div  '     ><\/div><\/div><\/div><\/main><!-- close content main element --><\/div><\/div>\n<style type=\"text\/css\" data-created_by=\"avia_inline_auto\" id=\"style-css-av-z0jky-fe2efae9f871d1dbbd7b002375a0bfd5\">\n.avia-section.av-z0jky-fe2efae9f871d1dbbd7b002375a0bfd5{\nbackground-repeat:no-repeat;\nbackground-image:url(https:\/\/hvillarosa.com\/wp-content\/uploads\/2024\/12\/esterno-scaled.jpg);\nbackground-position:0% 50%;\nbackground-attachment:scroll;\n}\n<\/style>\n<div id='av_section_2'  class='avia-section av-z0jky-fe2efae9f871d1dbbd7b002375a0bfd5 main_color avia-section-small avia-no-border-styling  avia-builder-el-5  el_after_av_section  el_before_av_section  av-desktop-hide av-medium-hide avia-full-stretch avia-bg-style-scroll av-minimum-height av-minimum-height-50 av-height-50  container_wrap fullsize'  data-section-bg-repeat='stretch' data-av_minimum_height_pc='50' data-av_min_height_opt='50'><div class='container av-section-cont-open' ><div class='template-page content  av-content-full alpha units'><div class='post-entry post-entry-type-page post-entry-17486'><div class='entry-content-wrapper clearfix'>\n<div  class='flex_column av-sexki-226b548bb655b555977bb3d3d3194cac av_one_fourth  avia-builder-el-6  el_before_av_one_half  avia-builder-el-first  first flex_column_div  '     ><\/div>\n<style type=\"text\/css\" data-created_by=\"avia_inline_auto\" id=\"style-css-av-jkd7e-c2ea1723c9542e743b437b358e2cedc9\">\n.flex_column.av-jkd7e-c2ea1723c9542e743b437b358e2cedc9{\npadding:80px 10px 80px 10px;\nbackground-color:rgba(255,255,255,0.75);\n}\n<\/style>\n<div  class='flex_column av-jkd7e-c2ea1723c9542e743b437b358e2cedc9 av_one_half  avia-builder-el-7  el_after_av_one_fourth  el_before_av_one_fourth  flex_column_div  '     ><style type=\"text\/css\" data-created_by=\"avia_inline_auto\" id=\"style-css-av-e4z96-6ff2fa3cb76c38c43df4242804b5620f\">\n#top .av-special-heading.av-e4z96-6ff2fa3cb76c38c43df4242804b5620f{\npadding-bottom:10px;\nfont-size:45px;\n}\nbody .av-special-heading.av-e4z96-6ff2fa3cb76c38c43df4242804b5620f .av-special-heading-tag .heading-char{\nfont-size:25px;\n}\n#top #wrap_all .av-special-heading.av-e4z96-6ff2fa3cb76c38c43df4242804b5620f .av-special-heading-tag{\nfont-size:45px;\n}\n.av-special-heading.av-e4z96-6ff2fa3cb76c38c43df4242804b5620f .av-subheading{\nfont-size:24px;\n}\n\n@media only screen and (min-width: 480px) and (max-width: 767px){ \n#top #wrap_all .av-special-heading.av-e4z96-6ff2fa3cb76c38c43df4242804b5620f .av-special-heading-tag{\nfont-size:0.8em;\n}\n}\n\n@media only screen and (max-width: 479px){ \n#top #wrap_all .av-special-heading.av-e4z96-6ff2fa3cb76c38c43df4242804b5620f .av-special-heading-tag{\nfont-size:0.8em;\n}\n}\n<\/style>\n<div  class='av-special-heading av-e4z96-6ff2fa3cb76c38c43df4242804b5620f av-special-heading-h2 blockquote modern-quote modern-centered  avia-builder-el-8  avia-builder-el-no-sibling  av-inherit-size'><h2 class='av-special-heading-tag '  itemprop=\"headline\"  >PET FRIENDLY HOTEL<\/h2><div class=\"special-heading-border\"><div class=\"special-heading-inner-border\"><\/div><\/div><\/div><\/div><div  class='flex_column av-b5jyy-7b3e409f3645f07284a7a6f3fc566355 av_one_fourth  avia-builder-el-9  el_after_av_one_half  avia-builder-el-last  flex_column_div  '     ><\/div><\/div><\/div><\/div><!-- close content main div --><\/div><\/div><div id='av_section_3'  class='avia-section av-407lbu-67bc9250e09387d39c5a09161372ff56 main_color avia-section-small avia-no-border-styling  avia-builder-el-10  el_after_av_section  el_before_av_revolutionslider  avia-bg-style-scroll container_wrap fullsize'  ><div class='container av-section-cont-open' ><div class='template-page content  av-content-full alpha units'><div class='post-entry post-entry-type-page post-entry-17486'><div class='entry-content-wrapper clearfix'>\n<section  class='av_textblock_section av-l1bv6065-11b3e385db6ae0053611305e99608eec '   itemscope=\"itemscope\" itemtype=\"https:\/\/schema.org\/CreativeWork\" ><div class='avia_textblock'  itemprop=\"text\" ><p style=\"text-align: center;\">\n<style type=\"text\/css\" data-created_by=\"avia_inline_auto\" id=\"style-css-av-3j99vm-fc262482e775e2b4cc9ccf8e8b9c5f02\">\n.av_font_icon.av-3j99vm-fc262482e775e2b4cc9ccf8e8b9c5f02{\ncolor:#45b1b5;\nborder-color:#45b1b5;\n}\n.avia-svg-icon.av-3j99vm-fc262482e775e2b4cc9ccf8e8b9c5f02 svg:first-child{\nstroke:#45b1b5;\nfill:#45b1b5;\n}\n.av_font_icon.av-3j99vm-fc262482e775e2b4cc9ccf8e8b9c5f02 .av-icon-char{\nfont-size:60px;\nline-height:60px;\n}\n<\/style>\n<span  class='av_font_icon av-3j99vm-fc262482e775e2b4cc9ccf8e8b9c5f02 avia_animate_when_visible av-icon-style- avia-icon-pos-left avia-iconfont avia-font-hotel avia-icon-animate'><span class='av-icon-char' data-av_icon='' data-av_iconfont='hotel' aria-hidden=\"true\" ><\/span><\/span><\/p>\n<div class=\"av-special-heading av-861lm-c40d3ce4b090560523fd0c46398c15dc av-special-heading-h1 blockquote modern-quote avia-builder-el-10 el_before_av_textblock avia-builder-el-first \">\n<p style=\"text-align: center;\"><strong>&#8222;In unserem Hotel sind Vierbeiner immer herzlich willkommen!&#8220;<\/strong><\/p>\n<p style=\"text-align: center;\">Hunde, Katzen und alle anderen Haustiere, die Sie mit in den Urlaub bringen m\u00f6chten, sind bei uns herzlich willkommen. Ihre vierbeinigen Freunde k\u00f6nnen mit Ihnen im Zimmer \u00fcbernachten und erhalten bei ihrer Ankunft ein Willkommensgeschenk.<\/p>\n<p style=\"text-align: center;\">Auf Anfrage bieten wir auch einen Hundesitting-Service durch professionelle und vertrauensw\u00fcrdige Trainer an, die auf Agility- und Obedience-Aktivit\u00e4ten spezialisiert sind. Dar\u00fcber hinaus kann Ihr treuer Vierbeiner Sie auch an den Strand begleiten: Kontaktieren Sie uns und wir reservieren f\u00fcr Sie und Ihren Freund einen Platz an der Sonne in unserem Partnerstrand.<\/p>\n<\/div>\n<\/div><\/section>\n<\/div><\/div><\/div><!-- close content main div --><\/div><\/div><div id='revolutionslider_1'  class='avia-layerslider avia-revolutionslider main_color avia-shadow  avia-builder-el-13  el_after_av_section  avia-builder-el-last   slider-not-first container_wrap fullsize'  >\n\t\t\t\t<p class=\"rs-p-wp-fix\"><\/p>\n\t\t\t\t<sr7-module data-alias=\"slider-drh-1\" data-id=\"77\" id=\"SR7_77_1\" class=\"rs-ov-hidden\" data-version=\"6.7.51\">\n\t\t\t\t\t<sr7-adjuster><\/sr7-adjuster>\n\t\t\t\t\t<sr7-content>\n\t\t\t\t\t\t<sr7-carousel>\n\t\t\t\t\t\t<sr7-slide id=\"SR7_77_1-309\" data-key=\"309\">\n\t\t\t\t\t\t\t<sr7-bg id=\"SR7_77_1-309-1\" class=\"sr7-layer\"><noscript><img decoding=\"async\" src=\"https:\/\/hvillarosa.com\/wp-content\/uploads\/2025\/02\/1-1.png\" alt=\"\" title=\"1\"><\/noscript><\/sr7-bg>\n\t\t\t\t\t\t<\/sr7-slide>\n\t\t\t\t\t\t<sr7-slide id=\"SR7_77_1-307\" data-key=\"307\">\n\t\t\t\t\t\t\t<sr7-bg id=\"SR7_77_1-307-1\" class=\"sr7-layer\"><noscript><img decoding=\"async\" src=\"https:\/\/hvillarosa.com\/wp-content\/uploads\/2025\/02\/2-1.png\" alt=\"\" title=\"2\"><\/noscript><\/sr7-bg>\n\t\t\t\t\t\t<\/sr7-slide>\n\t\t\t\t\t\t<sr7-slide id=\"SR7_77_1-308\" data-key=\"308\">\n\t\t\t\t\t\t\t<sr7-bg id=\"SR7_77_1-308-1\" class=\"sr7-layer\"><noscript><img decoding=\"async\" src=\"https:\/\/hvillarosa.com\/wp-content\/uploads\/2025\/02\/3-1.png\" alt=\"\" title=\"3\"><\/noscript><\/sr7-bg>\n\t\t\t\t\t\t<\/sr7-slide>\n\t\t\t\t\t\t<sr7-slide id=\"SR7_77_1-310\" data-key=\"310\">\n\t\t\t\t\t\t\t<sr7-bg id=\"SR7_77_1-310-1\" class=\"sr7-layer\"><noscript><img decoding=\"async\" src=\"https:\/\/hvillarosa.com\/wp-content\/uploads\/2025\/02\/4-1.png\" alt=\"\" title=\"4\"><\/noscript><\/sr7-bg>\n\t\t\t\t\t\t<\/sr7-slide>\n\t\t\t\t\t\t<sr7-slide id=\"SR7_77_1-311\" data-key=\"311\">\n\t\t\t\t\t\t\t<sr7-bg id=\"SR7_77_1-311-1\" class=\"sr7-layer\"><noscript><img decoding=\"async\" src=\"https:\/\/hvillarosa.com\/wp-content\/uploads\/2025\/02\/5-1.png\" alt=\"\" title=\"5\"><\/noscript><\/sr7-bg>\n\t\t\t\t\t\t<\/sr7-slide>\n\t\t\t\t\t\t<sr7-slide id=\"SR7_77_1-312\" data-key=\"312\">\n\t\t\t\t\t\t<\/sr7-slide>\n\t\t\t\t\t\t<\/sr7-carousel>\n\t\t\t\t\t<\/sr7-content>\n\t\t\t\t\t<image_lists style=\"display:none\">\n\t\t\t\t\t\t<img data-src=\"\/\/hvillarosa.com\/wp-content\/uploads\/2025\/02\/2-1.png\" data-libid=\"17925\" data-lib=\"medialibrary\" title=\"2\" width=\"0\" height=\"0\" data-dbsrc=\"Ly9odmlsbGFyb3NhLmNvbS93cC1jb250ZW50L3VwbG9hZHMvMjAyNS8wMi8yLTEucG5n\"\/>\n\t\t\t\t\t\t<img data-src=\"\/\/hvillarosa.com\/wp-content\/uploads\/2025\/02\/3-1.png\" data-libid=\"17928\" data-lib=\"medialibrary\" title=\"3\" width=\"0\" height=\"0\" data-dbsrc=\"Ly9odmlsbGFyb3NhLmNvbS93cC1jb250ZW50L3VwbG9hZHMvMjAyNS8wMi8zLTEucG5n\"\/>\n\t\t\t\t\t\t<img data-src=\"\/\/hvillarosa.com\/wp-content\/uploads\/2025\/02\/1-1.png\" data-libid=\"17922\" data-lib=\"medialibrary\" title=\"1\" width=\"0\" height=\"0\" data-dbsrc=\"Ly9odmlsbGFyb3NhLmNvbS93cC1jb250ZW50L3VwbG9hZHMvMjAyNS8wMi8xLTEucG5n\"\/>\n\t\t\t\t\t\t<img data-src=\"\/\/hvillarosa.com\/wp-content\/uploads\/2025\/02\/4-1.png\" data-libid=\"17931\" data-lib=\"medialibrary\" title=\"4\" width=\"0\" height=\"0\" data-dbsrc=\"Ly9odmlsbGFyb3NhLmNvbS93cC1jb250ZW50L3VwbG9hZHMvMjAyNS8wMi80LTEucG5n\"\/>\n\t\t\t\t\t\t<img data-src=\"\/\/hvillarosa.com\/wp-content\/uploads\/2025\/02\/5-1.png\" data-libid=\"17934\" data-lib=\"medialibrary\" title=\"5\" width=\"0\" height=\"0\" data-dbsrc=\"Ly9odmlsbGFyb3NhLmNvbS93cC1jb250ZW50L3VwbG9hZHMvMjAyNS8wMi81LTEucG5n\"\/>\n\t\t\t\t\t<\/image_lists>\n\t\t\t\t<\/sr7-module>\n\t\t\t\t<script>\n\t\t\t\t\twindow.SR7 ??={};SR7.PMH ??={}; SR7.PMH[\"SR7_77_1\"] = {cn:100,state:false,fn: function() { if (window._tpt!==undefined && window._tpt.prepareModuleHeight !== undefined) {  _tpt.prepareModuleHeight({id:\"SR7_77_1\",el:[700,700,700,700,720],type:'carousel',shdw:'0',gh:[700,700,700,700,520],gw:[800,800,800,800,480],vpt:['-200px&#039;,&#039;-200px&#039;,&#039;-200px&#039;,&#039;-200px&#039;,&#039;-200px'],size:{fullWidth:true, fullHeight:false},mh:'0',onh:100,onw:0,bg:{color:'{\"orig\":\"transparent\",\"type\":\"solid\",\"string\":\"transparent\"}'},carousel:{pt:'0',pb:'0'}});   SR7.PMH[\"SR7_77_1\"].state=true;} else if(SR7.PMH[\"SR7_77_1\"].cn-->0)\tsetTimeout( SR7.PMH[\"SR7_77_1\"].fn,19);}};SR7.PMH[\"SR7_77_1\" ].fn();\n\t\t\t\t<\/script>\n<\/div><\/p>\n","protected":false},"excerpt":{"rendered":"","protected":false},"author":5,"featured_media":0,"parent":0,"menu_order":0,"comment_status":"closed","ping_status":"closed","template":"","meta":{"footnotes":""},"class_list":["post-17486","page","type-page","status-publish","hentry"],"yoast_head":"<!-- This site is optimized with the Yoast SEO plugin v27.2 - https:\/\/yoast.com\/product\/yoast-seo-wordpress\/ -->\n<title>Hotel f\u00fcr Hunde in Cesenatico 2-Sterne-Hotel in der Romagna<\/title>\n<meta name=\"description\" content=\"Hotel f\u00fcr Hunde in Cesenatico, In unserem Hotel Villa Rosa sind die 4-beinigen Freunde willkommen: Hunde, Katzen oder andere Freunde, die Sie mitbringen m\u00f6chten. Und von diesem Jahr Dein vierbeiniger Freund kann Dir auch am Strand Gesellschaft leisten\" \/>\n<meta name=\"robots\" content=\"index, follow, max-snippet:-1, max-image-preview:large, max-video-preview:-1\" \/>\n<link rel=\"canonical\" href=\"https:\/\/hvillarosa.com\/de\/hotel-fuer-hunde-in-cesenatico\/\" \/>\n<meta property=\"og:locale\" content=\"de_DE\" \/>\n<meta property=\"og:type\" content=\"article\" \/>\n<meta property=\"og:title\" content=\"Hotel f\u00fcr Hunde in Cesenatico 2-Sterne-Hotel in der Romagna\" \/>\n<meta property=\"og:description\" content=\"Hotel f\u00fcr Hunde in Cesenatico, In unserem Hotel Villa Rosa sind die 4-beinigen Freunde willkommen: Hunde, Katzen oder andere Freunde, die Sie mitbringen m\u00f6chten. Und von diesem Jahr Dein vierbeiniger Freund kann Dir auch am Strand Gesellschaft leisten\" \/>\n<meta property=\"og:url\" content=\"https:\/\/hvillarosa.com\/de\/hotel-fuer-hunde-in-cesenatico\/\" \/>\n<meta property=\"og:site_name\" content=\"Hotel Villa Rosa\" \/>\n<meta property=\"article:publisher\" content=\"https:\/\/www.facebook.com\/HotelVillaRosaCesenatico\" \/>\n<meta property=\"article:modified_time\" content=\"2025-02-21T11:10:47+00:00\" \/>\n<meta name=\"twitter:card\" content=\"summary_large_image\" \/>\n<meta name=\"twitter:label1\" content=\"Gesch\u00e4tzte Lesezeit\" \/>\n\t<meta name=\"twitter:data1\" content=\"2\u00a0Minuten\" \/>\n<script type=\"application\/ld+json\" class=\"yoast-schema-graph\">{\"@context\":\"https:\/\/schema.org\",\"@graph\":[{\"@type\":\"WebPage\",\"@id\":\"https:\/\/hvillarosa.com\/de\/hotel-fuer-hunde-in-cesenatico\/\",\"url\":\"https:\/\/hvillarosa.com\/de\/hotel-fuer-hunde-in-cesenatico\/\",\"name\":\"Hotel f\u00fcr Hunde in Cesenatico 2-Sterne-Hotel in der Romagna\",\"isPartOf\":{\"@id\":\"https:\/\/hvillarosa.com\/de\/#website\"},\"datePublished\":\"2025-01-27T12:05:21+00:00\",\"dateModified\":\"2025-02-21T11:10:47+00:00\",\"description\":\"Hotel f\u00fcr Hunde in Cesenatico, In unserem Hotel Villa Rosa sind die 4-beinigen Freunde willkommen: Hunde, Katzen oder andere Freunde, die Sie mitbringen m\u00f6chten. Und von diesem Jahr Dein vierbeiniger Freund kann Dir auch am Strand Gesellschaft leisten\",\"breadcrumb\":{\"@id\":\"https:\/\/hvillarosa.com\/de\/hotel-fuer-hunde-in-cesenatico\/#breadcrumb\"},\"inLanguage\":\"de\",\"potentialAction\":[{\"@type\":\"ReadAction\",\"target\":[\"https:\/\/hvillarosa.com\/de\/hotel-fuer-hunde-in-cesenatico\/\"]}]},{\"@type\":\"BreadcrumbList\",\"@id\":\"https:\/\/hvillarosa.com\/de\/hotel-fuer-hunde-in-cesenatico\/#breadcrumb\",\"itemListElement\":[{\"@type\":\"ListItem\",\"position\":1,\"name\":\"Home\",\"item\":\"https:\/\/hvillarosa.com\/de\/home\/\"},{\"@type\":\"ListItem\",\"position\":2,\"name\":\"PET FRIENDLY HOTEL\"}]},{\"@type\":\"WebSite\",\"@id\":\"https:\/\/hvillarosa.com\/de\/#website\",\"url\":\"https:\/\/hvillarosa.com\/de\/\",\"name\":\"Hotel Villa Rosa\",\"description\":\"\",\"publisher\":{\"@id\":\"https:\/\/hvillarosa.com\/de\/#organization\"},\"potentialAction\":[{\"@type\":\"SearchAction\",\"target\":{\"@type\":\"EntryPoint\",\"urlTemplate\":\"https:\/\/hvillarosa.com\/de\/?s={search_term_string}\"},\"query-input\":{\"@type\":\"PropertyValueSpecification\",\"valueRequired\":true,\"valueName\":\"search_term_string\"}}],\"inLanguage\":\"de\"},{\"@type\":\"Organization\",\"@id\":\"https:\/\/hvillarosa.com\/de\/#organization\",\"name\":\"Hotel Villa Rosa\",\"url\":\"https:\/\/hvillarosa.com\/de\/\",\"logo\":{\"@type\":\"ImageObject\",\"inLanguage\":\"de\",\"@id\":\"https:\/\/hvillarosa.com\/de\/#\/schema\/logo\/image\/\",\"url\":\"https:\/\/hvillarosa.com\/wp-content\/uploads\/2024\/12\/hotel-villarosa-cesenatico.svg\",\"contentUrl\":\"https:\/\/hvillarosa.com\/wp-content\/uploads\/2024\/12\/hotel-villarosa-cesenatico.svg\",\"width\":1,\"height\":1,\"caption\":\"Hotel Villa Rosa\"},\"image\":{\"@id\":\"https:\/\/hvillarosa.com\/de\/#\/schema\/logo\/image\/\"},\"sameAs\":[\"https:\/\/www.facebook.com\/HotelVillaRosaCesenatico\",\"https:\/\/www.instagram.com\/hotelvillarosa.cesenatico\/\"]}]}<\/script>\n<!-- \/ Yoast SEO plugin. -->","yoast_head_json":{"title":"Hotel f\u00fcr Hunde in Cesenatico 2-Sterne-Hotel in der Romagna","description":"Hotel f\u00fcr Hunde in Cesenatico, In unserem Hotel Villa Rosa sind die 4-beinigen Freunde willkommen: Hunde, Katzen oder andere Freunde, die Sie mitbringen m\u00f6chten. Und von diesem Jahr Dein vierbeiniger Freund kann Dir auch am Strand Gesellschaft leisten","robots":{"index":"index","follow":"follow","max-snippet":"max-snippet:-1","max-image-preview":"max-image-preview:large","max-video-preview":"max-video-preview:-1"},"canonical":"https:\/\/hvillarosa.com\/de\/hotel-fuer-hunde-in-cesenatico\/","og_locale":"de_DE","og_type":"article","og_title":"Hotel f\u00fcr Hunde in Cesenatico 2-Sterne-Hotel in der Romagna","og_description":"Hotel f\u00fcr Hunde in Cesenatico, In unserem Hotel Villa Rosa sind die 4-beinigen Freunde willkommen: Hunde, Katzen oder andere Freunde, die Sie mitbringen m\u00f6chten. Und von diesem Jahr Dein vierbeiniger Freund kann Dir auch am Strand Gesellschaft leisten","og_url":"https:\/\/hvillarosa.com\/de\/hotel-fuer-hunde-in-cesenatico\/","og_site_name":"Hotel Villa Rosa","article_publisher":"https:\/\/www.facebook.com\/HotelVillaRosaCesenatico","article_modified_time":"2025-02-21T11:10:47+00:00","twitter_card":"summary_large_image","twitter_misc":{"Gesch\u00e4tzte Lesezeit":"2\u00a0Minuten"},"schema":{"@context":"https:\/\/schema.org","@graph":[{"@type":"WebPage","@id":"https:\/\/hvillarosa.com\/de\/hotel-fuer-hunde-in-cesenatico\/","url":"https:\/\/hvillarosa.com\/de\/hotel-fuer-hunde-in-cesenatico\/","name":"Hotel f\u00fcr Hunde in Cesenatico 2-Sterne-Hotel in der Romagna","isPartOf":{"@id":"https:\/\/hvillarosa.com\/de\/#website"},"datePublished":"2025-01-27T12:05:21+00:00","dateModified":"2025-02-21T11:10:47+00:00","description":"Hotel f\u00fcr Hunde in Cesenatico, In unserem Hotel Villa Rosa sind die 4-beinigen Freunde willkommen: Hunde, Katzen oder andere Freunde, die Sie mitbringen m\u00f6chten. Und von diesem Jahr Dein vierbeiniger Freund kann Dir auch am Strand Gesellschaft leisten","breadcrumb":{"@id":"https:\/\/hvillarosa.com\/de\/hotel-fuer-hunde-in-cesenatico\/#breadcrumb"},"inLanguage":"de","potentialAction":[{"@type":"ReadAction","target":["https:\/\/hvillarosa.com\/de\/hotel-fuer-hunde-in-cesenatico\/"]}]},{"@type":"BreadcrumbList","@id":"https:\/\/hvillarosa.com\/de\/hotel-fuer-hunde-in-cesenatico\/#breadcrumb","itemListElement":[{"@type":"ListItem","position":1,"name":"Home","item":"https:\/\/hvillarosa.com\/de\/home\/"},{"@type":"ListItem","position":2,"name":"PET FRIENDLY HOTEL"}]},{"@type":"WebSite","@id":"https:\/\/hvillarosa.com\/de\/#website","url":"https:\/\/hvillarosa.com\/de\/","name":"Hotel Villa Rosa","description":"","publisher":{"@id":"https:\/\/hvillarosa.com\/de\/#organization"},"potentialAction":[{"@type":"SearchAction","target":{"@type":"EntryPoint","urlTemplate":"https:\/\/hvillarosa.com\/de\/?s={search_term_string}"},"query-input":{"@type":"PropertyValueSpecification","valueRequired":true,"valueName":"search_term_string"}}],"inLanguage":"de"},{"@type":"Organization","@id":"https:\/\/hvillarosa.com\/de\/#organization","name":"Hotel Villa Rosa","url":"https:\/\/hvillarosa.com\/de\/","logo":{"@type":"ImageObject","inLanguage":"de","@id":"https:\/\/hvillarosa.com\/de\/#\/schema\/logo\/image\/","url":"https:\/\/hvillarosa.com\/wp-content\/uploads\/2024\/12\/hotel-villarosa-cesenatico.svg","contentUrl":"https:\/\/hvillarosa.com\/wp-content\/uploads\/2024\/12\/hotel-villarosa-cesenatico.svg","width":1,"height":1,"caption":"Hotel Villa Rosa"},"image":{"@id":"https:\/\/hvillarosa.com\/de\/#\/schema\/logo\/image\/"},"sameAs":["https:\/\/www.facebook.com\/HotelVillaRosaCesenatico","https:\/\/www.instagram.com\/hotelvillarosa.cesenatico\/"]}]}},"publishpress_future_action":{"enabled":false,"date":"2026-04-10 22:39:15","action":"change-status","newStatus":"draft","terms":[],"taxonomy":"translation_priority","extraData":[]},"publishpress_future_workflow_manual_trigger":{"enabledWorkflows":[]},"_links":{"self":[{"href":"https:\/\/hvillarosa.com\/de\/wp-json\/wp\/v2\/pages\/17486","targetHints":{"allow":["GET"]}}],"collection":[{"href":"https:\/\/hvillarosa.com\/de\/wp-json\/wp\/v2\/pages"}],"about":[{"href":"https:\/\/hvillarosa.com\/de\/wp-json\/wp\/v2\/types\/page"}],"author":[{"embeddable":true,"href":"https:\/\/hvillarosa.com\/de\/wp-json\/wp\/v2\/users\/5"}],"replies":[{"embeddable":true,"href":"https:\/\/hvillarosa.com\/de\/wp-json\/wp\/v2\/comments?post=17486"}],"version-history":[{"count":4,"href":"https:\/\/hvillarosa.com\/de\/wp-json\/wp\/v2\/pages\/17486\/revisions"}],"predecessor-version":[{"id":18778,"href":"https:\/\/hvillarosa.com\/de\/wp-json\/wp\/v2\/pages\/17486\/revisions\/18778"}],"wp:attachment":[{"href":"https:\/\/hvillarosa.com\/de\/wp-json\/wp\/v2\/media?parent=17486"}],"curies":[{"name":"wp","href":"https:\/\/api.w.org\/{rel}","templated":true}]}}